{"id":2636,"date":"2016-10-17T12:39:49","date_gmt":"2016-10-17T10:39:49","guid":{"rendered":"http:\/\/thewaterproofbandage.com\/en\/espace-presse\/"},"modified":"2017-05-23T16:30:28","modified_gmt":"2017-05-23T14:30:28","slug":"press-media","status":"publish","type":"page","link":"https:\/\/secuderm.com\/en\/press-media\/","title":{"rendered":"Press\/Media"},"content":{"rendered":"<p><section id=\"bt_section69e2fe92b8c31\" data-parallax=\"0.1\" data-parallax-offset=\"0\" class=\"boldSection topSpaced bottomMediumSpaced gutter btMiddleVertical btParallax wBackground cover\" style=\"background-color:#e5e5e5;background-image:url('https:\/\/secuderm.com\/wp-content\/uploads\/2016\/04\/header_techno.jpg');\"><div class=\"port\"><div class=\"boldCell\"><div class=\"boldCellInner\"><div class=\"boldRow \" ><div class=\"boldRowInner\"><div class=\"rowItem col-md-12 col-ms-12  btTextLeft\"  data-width=\"12\"><div class=\"rowItemContent\" ><header class=\"header btClear large\" ><div class=\"dash\"><h2><span class=\"headline\">Press <b class=\"animate\">&#038;<\/b> Media<\/span><\/h2><div class=\"btSubTitle\">Welcome !!<\/div><\/div><\/header><\/div><\/div><\/div><\/div><\/div><\/div><\/div><\/section><section id=\"bt_section69e2fe92b8ee4\"  class=\"boldSection topSemiSpaced bottomMediumSpaced gutter inherit\" ><div class=\"port\"><div class=\"boldCell\"><div class=\"boldCellInner\"><div class=\"boldRow \" ><div class=\"boldRowInner\"><div class=\"rowItem btLeftBorder col-md-12 col-ms-12  btTextLeft inherit\"  data-width=\"12\"><div class=\"rowItemContent\" ><div class=\"btText\" ><\/p>\n<p>Secuderm\u00ae is a <strong>100% waterproof innovative protective system<\/strong> designed to provide totally made-to-measure protection for an area, without causing stickiness. Secuderm\u00ae is used as a <strong>secondary dressing<\/strong> (to protect a dressing, pad, cream, catheter or any other device). It&#8217;s a <strong>Class 1 medical device<\/strong>, as a secondary dressing\u00a0&#8211; polyurethane protective sheet. Secuderm has <strong>several international patents<\/strong> for this technology.<\/p>\n<p>Extremely flexible, stretchy, modular and highly breathable, Secuderm\u00ae is suitable for all locations. It allows daily washing (shower, bath, immersion for long periods) and improves the hold of primary dressings, keeping your treatment in place, irrespective of the area (skin folds, joints, fingers, toes, palms of the hand, etc.) and stresses exerted (sweating, movements, water, sport).<\/p>\n<p>Good hold for up to 7 days.<\/p>\n<p>In other words, <strong>Secuderm protects the treated areas and frees the patient<\/strong>.<\/p>\n<p>\n<\/div><\/div><\/div><\/div><\/div><\/div><\/div><\/div><\/section><section id=\"bt_section69e2fe92b91bf\"  class=\"boldSection topSmallSpaced bottomMediumSpaced gutter inherit\" ><div class=\"port\"><div class=\"boldCell\"><div class=\"boldCellInner\"><div class=\"boldRow \" ><div class=\"boldRowInner\"><div class=\"rowItem col-md-4 col-ms-12 btTextLeft\"  data-width=\"4\"><div class=\"rowItemContent\" ><div class=\"btClear btSeparator topMediumSpaced bottomMediumSpaced border\" ><hr><\/div><header class=\"header btClear small\" ><div class=\"dash\"><h4><span class=\"headline\">Press contact<\/span><\/h4><div class=\"btSubTitle\"><b>Eric Gilli<\/b> &#8211; CEO<\/div><\/div><\/header><div class=\"btClear btSeparator topSmallSpaced bottomMediumSpaced border\" ><hr><\/div><div class=\"btText\" ><\/p>\n<p><strong><span style=\"text-decoration: underline;\">Headquarter<\/span>\u00a0:<\/strong><br \/>\nGalerie Voltaire<br \/>\nAv. Roger Salengro<br \/>\n13400 Aubagne<br \/>\nFRANCE<\/p>\n<p>\n<\/div><div class=\"btClear btSeparator topSmallSpaced bottomSmallSpaced btDotsBorder\" ><hr><\/div><div class=\"btText\" ><\/p>\n<p><strong><span style=\"text-decoration: underline;\">Phone<\/span> :<\/strong>\u00a0<i class=\"fa fa-phone\"><\/i> +33 4 42 84 78 59<\/p>\n<p>\n<\/div><div class=\"btClear btSeparator topSmallSpaced bottomSmallSpaced btDotsBorder\" ><hr><\/div><div class=\"btIconImageRow\" ><span class=\"btIco btIcoFilledType btIcoSmallSize btIcoAccentColor \"><a href=\"https:\/\/www.facebook.com\/Secuderm-183514858354755\"  target=\"no_target\" data-ico-fa=\"&#xf09a;\" class=\"btIcoHolder\"><\/a><\/span><span class=\"btIco btIcoFilledType btIcoSmallSize btIcoAccentColor \"><a href=\"https:\/\/twitter.com\/secuderm\"  target=\"no_target\" data-ico-fa=\"&#xf099;\" class=\"btIcoHolder\"><\/a><\/span><\/div><\/div><\/div><div class=\"rowItem col-md-4 col-ms-12 btTextLeft\"  data-width=\"4\"><div class=\"rowItemContent\" ><div class=\"btClear btSeparator topMediumSpaced bottomMediumSpaced border\" ><hr><\/div><header class=\"header btClear small\" ><div class=\"dash\"><h4><span class=\"headline\">More about Secuderm<\/span><\/h4><div class=\"btSubTitle\">Be unbeatable about Secuderm !<\/div><\/div><\/header><div class=\"btClear btSeparator topSmallSpaced bottomMediumSpaced border\" ><hr><\/div><div class=\"btText\" ><\/p>\n<p><i class=\"fa fa-arrow-circle-o-right\"><\/i> <a href=\"https:\/\/secuderm.com\/en\/our-story\/\">Our Story<\/a><\/p>\n<p><i class=\"fa fa-arrow-circle-o-right\"><\/i> <a href=\"https:\/\/secuderm.com\/en\/technology\/\">Technology<\/a><\/p>\n<p><i class=\"fa fa-arrow-circle-o-right\"><\/i> <a href=\"https:\/\/secuderm.com\/en\/applications\/\">Applications<\/a><\/p>\n<p><i class=\"fa fa-arrow-circle-o-right\"><\/i> <a href=\"\/en\/press-release\/\">Press Releases<\/a><\/p>\n<p><i class=\"fa fa-arrow-circle-o-right\"><\/i> <a href=\"\/en\/press\/\">Our Press Coverage<\/a><\/p>\n<p>\n<\/div><\/div><\/div><div class=\"rowItem col-md-4 col-ms-12 btTextLeft\"  data-width=\"4\"><div class=\"rowItemContent\" ><div class=\"btClear btSeparator topMediumSpaced bottomMediumSpaced border\" ><hr><\/div><header class=\"header btClear small\" ><div class=\"dash\"><h4><span class=\"headline\">Download zone<\/span><\/h4><div class=\"btSubTitle\">Logo, displays &#038; packshots<\/div><\/div><\/header><div class=\"btClear btSeparator topSmallSpaced bottomMediumSpaced border\" ><hr><\/div><div class=\"btText\" ><\/p>\n<p><i class=\"fa fa-arrow-circle-o-right\"><\/i> Secuderm logo 72dpi (web) : <a href=\"\/wp-content\/uploads\/2016\/10\/logo_secuderm_72dpi.png\" target=\"_blank\">Download<\/a><\/p>\n<p><i class=\"fa fa-arrow-circle-o-right\"><\/i> Secuderm logo 300dpi (print) : <a href=\"\/wp-content\/uploads\/2016\/10\/logo_secuderm_300dpi.png\" target=\"_blank\">Download<\/a><\/p>\n<p><i class=\"fa fa-arrow-circle-o-right\"><\/i> Secuderm logo &#8211; vector : <a href=\"\/wp-content\/uploads\/2016\/10\/logo_secuderm_vectorise_RVB.ai_.zip\" target=\"_blank\">Download<\/a><\/p>\n<p><i class=\"fa fa-arrow-circle-o-right\"><\/i> Packshot : <a href=\"\/wp-content\/uploads\/2016\/10\/packshot_protection_etanche_secuderm.zip\" target=\"_blank\">Download<\/a><\/p>\n<p><i class=\"fa fa-arrow-circle-o-right\"><\/i> Media pack : <a href=\"\/wp-content\/uploads\/2016\/10\/visuels_secuderm.zip\">Download<\/a><\/p>\n<p>\n<\/div><\/div><\/div><\/div><\/div><\/div><\/div><\/div><\/section><section id=\"bt_section69e2fe92b9ad8\"  class=\"boldSection topMediumSpaced bottomSpaced gutter inherit\" ><div class=\"port\"><div class=\"boldCell\"><div class=\"boldCellInner\"><div class=\"boldRow \" ><div class=\"boldRowInner\"><div class=\"rowItem col-md-12 col-ms-12  btTextLeft inherit\"  data-width=\"12\"><div class=\"rowItemContent\" ><div class=\"btClear btSeparator topSmallSpaced bottomMediumSpaced border\" ><hr><\/div><header class=\"header btClear medium\" ><div class=\"dash\"><h3><span class=\"headline\">Discover Secuderm technology<\/span><\/h3><\/div><\/header><div class=\"btClear btSeparator topSmallSpaced bottomSemiSpaced border\" ><hr><\/div><\/div><\/div><\/div><\/div><div class=\"boldRow \" ><div class=\"boldRowInner\"><div class=\"rowItem col-md-6 col-sm-12 btTextLeft\"  data-width=\"6\"><div class=\"rowItemContent\" ><div class=\"btText\" ><\/p>\n<p><iframe loading=\"lazy\" src=\"https:\/\/www.youtube.com\/embed\/8qmw9v_28ng?rel=0&#038;showinfo=0\" width=\"500\" height=\"281\" frameborder=\"0\" allowfullscreen=\"allowfullscreen\"><\/iframe><\/p>\n<p>\n<\/div><\/div><\/div><div class=\"rowItem col-md-6 col-sm-12 btTextLeft\"  data-width=\"6\"><div class=\"rowItemContent\" ><div class=\"btText\" ><\/p>\n<p><iframe loading=\"lazy\" src=\"https:\/\/www.youtube.com\/embed\/jKB091N99vU?rel=0&#038;showinfo=0\" width=\"500\" height=\"281\" frameborder=\"0\" allowfullscreen=\"allowfullscreen\"><\/iframe><\/p>\n<p>\n<\/div><\/div><\/div><\/div><\/div><\/div><\/div><\/div><\/section><\/p>\n","protected":false},"excerpt":{"rendered":"","protected":false},"author":3,"featured_media":0,"parent":0,"menu_order":0,"comment_status":"closed","ping_status":"closed","template":"","meta":{"footnotes":""},"class_list":["post-2636","page","type-page","status-publish","hentry"],"yoast_head":"<!-- This site is optimized with the Yoast SEO plugin v26.1.1 - https:\/\/yoast.com\/wordpress\/plugins\/seo\/ -->\n<title>Espace presse Secuderm : infos et kit m\u00e9dia pour journalistes, blogueurs,<\/title>\n<meta name=\"description\" content=\"Espace d\u00e9di\u00e9 \u00e0 la presse et aux journalistes : pour en savoir plus sur Secuderm, histoire, actualit\u00e9s, communiqu\u00e9s, t\u00e9l\u00e9chargement du logo et des visuels\" \/>\n<meta name=\"robots\" content=\"index, follow, max-snippet:-1, max-image-preview:large, max-video-preview:-1\" \/>\n<link rel=\"canonical\" href=\"https:\/\/secuderm.com\/en\/press-media\/\" \/>\n<meta property=\"og:locale\" content=\"en_US\" \/>\n<meta property=\"og:type\" content=\"article\" \/>\n<meta property=\"og:title\" content=\"Espace presse Secuderm : infos et kit m\u00e9dia pour journalistes, blogueurs,\" \/>\n<meta property=\"og:description\" content=\"Espace d\u00e9di\u00e9 \u00e0 la presse et aux journalistes : pour en savoir plus sur Secuderm, histoire, actualit\u00e9s, communiqu\u00e9s, t\u00e9l\u00e9chargement du logo et des visuels\" \/>\n<meta property=\"og:url\" content=\"https:\/\/secuderm.com\/en\/press-media\/\" \/>\n<meta property=\"og:site_name\" content=\"Secuderm\" \/>\n<meta property=\"article:publisher\" content=\"https:\/\/www.facebook.com\/Secuderm-183514858354755\/\" \/>\n<meta property=\"article:modified_time\" content=\"2017-05-23T14:30:28+00:00\" \/>\n<meta name=\"twitter:card\" content=\"summary_large_image\" \/>\n<meta name=\"twitter:label1\" content=\"Est. reading time\" \/>\n\t<meta name=\"twitter:data1\" content=\"4 minutes\" \/>\n<script type=\"application\/ld+json\" class=\"yoast-schema-graph\">{\"@context\":\"https:\/\/schema.org\",\"@graph\":[{\"@type\":\"WebPage\",\"@id\":\"https:\/\/secuderm.com\/en\/press-media\/\",\"url\":\"https:\/\/secuderm.com\/en\/press-media\/\",\"name\":\"Espace presse Secuderm : infos et kit m\u00e9dia pour journalistes, blogueurs,\",\"isPartOf\":{\"@id\":\"https:\/\/secuderm.com\/#website\"},\"datePublished\":\"2016-10-17T10:39:49+00:00\",\"dateModified\":\"2017-05-23T14:30:28+00:00\",\"description\":\"Espace d\u00e9di\u00e9 \u00e0 la presse et aux journalistes : pour en savoir plus sur Secuderm, histoire, actualit\u00e9s, communiqu\u00e9s, t\u00e9l\u00e9chargement du logo et des visuels\",\"breadcrumb\":{\"@id\":\"https:\/\/secuderm.com\/en\/press-media\/#breadcrumb\"},\"inLanguage\":\"en-US\",\"potentialAction\":[{\"@type\":\"ReadAction\",\"target\":[\"https:\/\/secuderm.com\/en\/press-media\/\"]}]},{\"@type\":\"BreadcrumbList\",\"@id\":\"https:\/\/secuderm.com\/en\/press-media\/#breadcrumb\",\"itemListElement\":[{\"@type\":\"ListItem\",\"position\":1,\"name\":\"Home\",\"item\":\"https:\/\/secuderm.com\/en\/\"},{\"@type\":\"ListItem\",\"position\":2,\"name\":\"Press\/Media\"}]},{\"@type\":\"WebSite\",\"@id\":\"https:\/\/secuderm.com\/#website\",\"url\":\"https:\/\/secuderm.com\/\",\"name\":\"Secuderm\",\"description\":\"Votre protection 100% \u00e9tanche!\",\"potentialAction\":[{\"@type\":\"SearchAction\",\"target\":{\"@type\":\"EntryPoint\",\"urlTemplate\":\"https:\/\/secuderm.com\/?s={search_term_string}\"},\"query-input\":{\"@type\":\"PropertyValueSpecification\",\"valueRequired\":true,\"valueName\":\"search_term_string\"}}],\"inLanguage\":\"en-US\"}]}<\/script>\n<!-- \/ Yoast SEO plugin. -->","yoast_head_json":{"title":"Espace presse Secuderm : infos et kit m\u00e9dia pour journalistes, blogueurs,","description":"Espace d\u00e9di\u00e9 \u00e0 la presse et aux journalistes : pour en savoir plus sur Secuderm, histoire, actualit\u00e9s, communiqu\u00e9s, t\u00e9l\u00e9chargement du logo et des visuels","robots":{"index":"index","follow":"follow","max-snippet":"max-snippet:-1","max-image-preview":"max-image-preview:large","max-video-preview":"max-video-preview:-1"},"canonical":"https:\/\/secuderm.com\/en\/press-media\/","og_locale":"en_US","og_type":"article","og_title":"Espace presse Secuderm : infos et kit m\u00e9dia pour journalistes, blogueurs,","og_description":"Espace d\u00e9di\u00e9 \u00e0 la presse et aux journalistes : pour en savoir plus sur Secuderm, histoire, actualit\u00e9s, communiqu\u00e9s, t\u00e9l\u00e9chargement du logo et des visuels","og_url":"https:\/\/secuderm.com\/en\/press-media\/","og_site_name":"Secuderm","article_publisher":"https:\/\/www.facebook.com\/Secuderm-183514858354755\/","article_modified_time":"2017-05-23T14:30:28+00:00","twitter_card":"summary_large_image","twitter_misc":{"Est. reading time":"4 minutes"},"schema":{"@context":"https:\/\/schema.org","@graph":[{"@type":"WebPage","@id":"https:\/\/secuderm.com\/en\/press-media\/","url":"https:\/\/secuderm.com\/en\/press-media\/","name":"Espace presse Secuderm : infos et kit m\u00e9dia pour journalistes, blogueurs,","isPartOf":{"@id":"https:\/\/secuderm.com\/#website"},"datePublished":"2016-10-17T10:39:49+00:00","dateModified":"2017-05-23T14:30:28+00:00","description":"Espace d\u00e9di\u00e9 \u00e0 la presse et aux journalistes : pour en savoir plus sur Secuderm, histoire, actualit\u00e9s, communiqu\u00e9s, t\u00e9l\u00e9chargement du logo et des visuels","breadcrumb":{"@id":"https:\/\/secuderm.com\/en\/press-media\/#breadcrumb"},"inLanguage":"en-US","potentialAction":[{"@type":"ReadAction","target":["https:\/\/secuderm.com\/en\/press-media\/"]}]},{"@type":"BreadcrumbList","@id":"https:\/\/secuderm.com\/en\/press-media\/#breadcrumb","itemListElement":[{"@type":"ListItem","position":1,"name":"Home","item":"https:\/\/secuderm.com\/en\/"},{"@type":"ListItem","position":2,"name":"Press\/Media"}]},{"@type":"WebSite","@id":"https:\/\/secuderm.com\/#website","url":"https:\/\/secuderm.com\/","name":"Secuderm","description":"Votre protection 100% \u00e9tanche!","potentialAction":[{"@type":"SearchAction","target":{"@type":"EntryPoint","urlTemplate":"https:\/\/secuderm.com\/?s={search_term_string}"},"query-input":{"@type":"PropertyValueSpecification","valueRequired":true,"valueName":"search_term_string"}}],"inLanguage":"en-US"}]}},"_links":{"self":[{"href":"https:\/\/secuderm.com\/en\/wp-json\/wp\/v2\/pages\/2636","targetHints":{"allow":["GET"]}}],"collection":[{"href":"https:\/\/secuderm.com\/en\/wp-json\/wp\/v2\/pages"}],"about":[{"href":"https:\/\/secuderm.com\/en\/wp-json\/wp\/v2\/types\/page"}],"author":[{"embeddable":true,"href":"https:\/\/secuderm.com\/en\/wp-json\/wp\/v2\/users\/3"}],"replies":[{"embeddable":true,"href":"https:\/\/secuderm.com\/en\/wp-json\/wp\/v2\/comments?post=2636"}],"version-history":[{"count":22,"href":"https:\/\/secuderm.com\/en\/wp-json\/wp\/v2\/pages\/2636\/revisions"}],"predecessor-version":[{"id":4034,"href":"https:\/\/secuderm.com\/en\/wp-json\/wp\/v2\/pages\/2636\/revisions\/4034"}],"wp:attachment":[{"href":"https:\/\/secuderm.com\/en\/wp-json\/wp\/v2\/media?parent=2636"}],"curies":[{"name":"wp","href":"https:\/\/api.w.org\/{rel}","templated":true}]}}