{"id":2679,"date":"2016-04-21T07:51:17","date_gmt":"2016-04-21T05:51:17","guid":{"rendered":"http:\/\/thewaterproofbandage.com\/en\/?page_id=2679"},"modified":"2024-01-29T18:00:24","modified_gmt":"2024-01-29T17:00:24","slug":"contact","status":"publish","type":"page","link":"https:\/\/secuderm.com\/en\/contact\/","title":{"rendered":"Contact us"},"content":{"rendered":"<p><section id=\"bt_section69defb6fc71b6\" data-parallax=\"0.1\" data-parallax-offset=\"0\" class=\"boldSection topSpaced bottomSemiSpaced btLightSkin gutter btBottomVertical btParallax wBackground cover btBackgroundOverlay btStripedLight\" style=\"background-color:#e5e5e5;background-image:url('https:\/\/secuderm.com\/wp-content\/uploads\/2016\/04\/header_contact2-1.jpg');background-size: contain;\"><div class=\"port\"><div class=\"boldCell\"><div class=\"boldCellInner\"><div class=\"boldRow \" ><div class=\"boldRowInner\"><div class=\"rowItem col-md-7 col-ms-12  btTextLeft btMiddleVertical\"  data-width=\"7\"><div class=\"rowItemContent\" ><header class=\"header btClear extralarge\" ><div class=\"dash\"><h1><span class=\"headline\">Get in <b class=\"animate\">touch&#8230;<\/b><\/span><\/h1><div class=\"btSubTitle\">Any question? Please feel free to contact us.<\/div><\/div><\/header><div class=\"btClear btSeparator topSmallSpaced noBorder\" ><hr><\/div><\/div><\/div><div class=\"rowItem col-md-5 col-ms-12  btTextLeft\"  data-width=\"5\"><div class=\"rowItemContent\" ><\/div><\/div><\/div><\/div><\/div><\/div><\/div><\/section><section id=\"elements\" data-parallax=\"0\" data-parallax-offset=\"0\" class=\"boldSection topSemiSpaced bottomSemiSpaced gutter inherit btParallax\" ><div class=\"port\"><div class=\"boldCell\"><div class=\"boldCellInner\"><div class=\"boldRow \" ><div class=\"boldRowInner\"><div class=\"rowItem col-md-4 col-ms-12 btTextLeft animate animate-fadein inherit\"  data-width=\"4\"><div class=\"rowItemContent\" ><header class=\"header btClear large btDash topDash bottomDash\" ><div class=\"dash\"><div class=\"btSuperTitle\"><span>Hello<\/span><\/div><h2><span class=\"headline\">Contact <b class=\"animate\">our team<\/b><\/span><\/h2><div class=\"btSubTitle\">You wish to order our products?<br \/><br>Distribute our technology?<br \/><br>Send us some feedback?<br \/><br>Talk about us?<\/p><br><p><\/div><\/div><\/header><div class=\"btText\" ><\/p>\n<p><strong><span style=\"text-decoration: underline;\">Head-office<\/span>:<\/strong><br \/>\n2 Rue du Dr Severin Icard<br \/>\n13260 Cassis<br \/>\nFRANCE<\/p>\n<p>\n<\/div><div class=\"btClear btSeparator topSmallSpaced bottomSmallSpaced border\" ><hr><\/div><div class=\"btText\" ><\/p>\n<p><strong><span style=\"text-decoration: underline;\">Phone<\/span> :<\/strong> \u00a0+33 6 28 810 840<\/p>\n<p>\n<\/div><div class=\"btClear btSeparator topSmallSpaced bottomSmallSpaced border\" ><hr><\/div><div class=\"btIconImageRow\" ><span class=\"btIco btIcoFilledType btIcoSmallSize btIcoAccentColor \"><a href=\"https:\/\/www.facebook.com\/Secuderm-183514858354755\"  target=\"_blank\" data-ico-fa=\"&#xf09a;\" class=\"btIcoHolder\"><\/a><\/span><span class=\"btIco btIcoFilledType btIcoSmallSize btIcoAccentColor \"><a href=\"https:\/\/twitter.com\/secuderm\"  target=\"_blank\" data-ico-fa=\"&#xf099;\" class=\"btIcoHolder\"><\/a><\/span><\/div><div class=\"btClear btSeparator bottomSemiSpaced noBorder\" ><hr><\/div><\/div><\/div><div class=\"rowItem col-md-8 col-ms-12 btTextLeft inherit\"  data-width=\"8\"><div class=\"rowItemContent\" ><div class=\"btText\" >\n<div class=\"wpcf7 no-js\" id=\"wpcf7-f2850-o1\" lang=\"en-US\" dir=\"ltr\" data-wpcf7-id=\"2850\">\n<div class=\"screen-reader-response\"><p role=\"status\" aria-live=\"polite\" aria-atomic=\"true\"><\/p> <ul><\/ul><\/div>\n<form action=\"\/en\/wp-json\/wp\/v2\/pages\/2679#wpcf7-f2850-o1\" method=\"post\" class=\"wpcf7-form init\" aria-label=\"Contact form\" novalidate=\"novalidate\" data-status=\"init\">\n<fieldset class=\"hidden-fields-container\"><input type=\"hidden\" name=\"_wpcf7\" value=\"2850\" \/><input type=\"hidden\" name=\"_wpcf7_version\" value=\"6.1.2\" \/><input type=\"hidden\" name=\"_wpcf7_locale\" value=\"en_US\" \/><input type=\"hidden\" name=\"_wpcf7_unit_tag\" value=\"wpcf7-f2850-o1\" \/><input type=\"hidden\" name=\"_wpcf7_container_post\" value=\"0\" \/><input type=\"hidden\" name=\"_wpcf7_posted_data_hash\" value=\"\" \/><input type=\"hidden\" name=\"_wpcf7_recaptcha_response\" value=\"\" \/>\n<\/fieldset>\n<p><span class=\"wpcf7-form-control-wrap\" data-name=\"your-name\"><input size=\"40\" maxlength=\"400\" class=\"wpcf7-form-control wpcf7-text wpcf7-validates-as-required\" aria-required=\"true\" aria-invalid=\"false\" placeholder=\"Name (*)\" value=\"\" type=\"text\" name=\"your-name\" \/><\/span>\n<\/p>\n<p><span class=\"wpcf7-form-control-wrap\" data-name=\"your-firstname\"><input size=\"40\" maxlength=\"400\" class=\"wpcf7-form-control wpcf7-text\" aria-invalid=\"false\" placeholder=\"Firstname\" value=\"\" type=\"text\" name=\"your-firstname\" \/><\/span>\n<\/p>\n<p><span class=\"wpcf7-form-control-wrap\" data-name=\"your-company\"><input size=\"40\" maxlength=\"400\" class=\"wpcf7-form-control wpcf7-text\" aria-invalid=\"false\" placeholder=\"Company\" value=\"\" type=\"text\" name=\"your-company\" \/><\/span>\n<\/p>\n<p><span class=\"wpcf7-form-control-wrap\" data-name=\"your-position\"><input size=\"40\" maxlength=\"400\" class=\"wpcf7-form-control wpcf7-text\" aria-invalid=\"false\" placeholder=\"Position\" value=\"\" type=\"text\" name=\"your-position\" \/><\/span>\n<\/p>\n<p><span class=\"wpcf7-form-control-wrap\" data-name=\"your-email\"><input size=\"40\" maxlength=\"400\" class=\"wpcf7-form-control wpcf7-email wpcf7-validates-as-required wpcf7-text wpcf7-validates-as-email\" aria-required=\"true\" aria-invalid=\"false\" placeholder=\"Email (*)\" value=\"\" type=\"email\" name=\"your-email\" \/><\/span>\n<\/p>\n<p><span class=\"wpcf7-form-control-wrap\" data-name=\"your-subject\"><input size=\"40\" maxlength=\"400\" class=\"wpcf7-form-control wpcf7-text wpcf7-validates-as-required\" aria-required=\"true\" aria-invalid=\"false\" placeholder=\"Subject (*)\" value=\"\" type=\"text\" name=\"your-subject\" \/><\/span>\n<\/p>\n<p><span class=\"wpcf7-form-control-wrap\" data-name=\"your-message\"><textarea cols=\"40\" rows=\"10\" maxlength=\"2000\" class=\"wpcf7-form-control wpcf7-textarea wpcf7-validates-as-required\" aria-required=\"true\" aria-invalid=\"false\" placeholder=\"Message (*)\" name=\"your-message\"><\/textarea><\/span>\n<\/p>\n<p><input class=\"wpcf7-form-control wpcf7-submit has-spinner\" type=\"submit\" value=\"Send Message\" \/>\n<\/p><p style=\"display: none !important;\" class=\"akismet-fields-container\" data-prefix=\"_wpcf7_ak_\"><label>&#916;<textarea name=\"_wpcf7_ak_hp_textarea\" cols=\"45\" rows=\"8\" maxlength=\"100\"><\/textarea><\/label><input type=\"hidden\" id=\"ak_js_1\" name=\"_wpcf7_ak_js\" value=\"250\"\/><script>document.getElementById( \"ak_js_1\" ).setAttribute( \"value\", ( new Date() ).getTime() );<\/script><\/p><div class=\"wpcf7-response-output\" aria-hidden=\"true\"><\/div>\n<\/form>\n<\/div>\n<\/div><div class=\"btClear btSeparator bottomSemiSpaced noBorder\" ><hr><\/div><\/div><\/div><\/div><\/div><\/div><\/div><\/div><\/section><\/p>\n","protected":false},"excerpt":{"rendered":"","protected":false},"author":1,"featured_media":0,"parent":0,"menu_order":0,"comment_status":"closed","ping_status":"closed","template":"","meta":{"footnotes":""},"class_list":["post-2679","page","type-page","status-publish","hentry"],"yoast_head":"<!-- This site is optimized with the Yoast SEO plugin v26.1.1 - https:\/\/yoast.com\/wordpress\/plugins\/seo\/ -->\n<title>Contacter l&#039;\u00e9quipe commerciale, technique ou adinistrative de Secuderm<\/title>\n<meta name=\"description\" content=\"Pour toutes questions d&#039;ordre technique ou commercial sur nos protections \u00e9tanches, n&#039;h\u00e9sitez-pas \u00e0 nous contacter. Nous vous r\u00e9pondrons au plus vite.\" \/>\n<meta name=\"robots\" content=\"index, follow, max-snippet:-1, max-image-preview:large, max-video-preview:-1\" \/>\n<link rel=\"canonical\" href=\"https:\/\/secuderm.com\/en\/contact\/\" \/>\n<meta property=\"og:locale\" content=\"en_US\" \/>\n<meta property=\"og:type\" content=\"article\" \/>\n<meta property=\"og:title\" content=\"Contacter l&#039;\u00e9quipe commerciale, technique ou adinistrative de Secuderm\" \/>\n<meta property=\"og:description\" content=\"Pour toutes questions d&#039;ordre technique ou commercial sur nos protections \u00e9tanches, n&#039;h\u00e9sitez-pas \u00e0 nous contacter. Nous vous r\u00e9pondrons au plus vite.\" \/>\n<meta property=\"og:url\" content=\"https:\/\/secuderm.com\/en\/contact\/\" \/>\n<meta property=\"og:site_name\" content=\"Secuderm\" \/>\n<meta property=\"article:publisher\" content=\"https:\/\/www.facebook.com\/Secuderm-183514858354755\/\" \/>\n<meta property=\"article:modified_time\" content=\"2024-01-29T17:00:24+00:00\" \/>\n<meta name=\"twitter:card\" content=\"summary_large_image\" \/>\n<meta name=\"twitter:label1\" content=\"Est. reading time\" \/>\n\t<meta name=\"twitter:data1\" content=\"2 minutes\" \/>\n<script type=\"application\/ld+json\" class=\"yoast-schema-graph\">{\"@context\":\"https:\/\/schema.org\",\"@graph\":[{\"@type\":\"WebPage\",\"@id\":\"https:\/\/secuderm.com\/en\/contact\/\",\"url\":\"https:\/\/secuderm.com\/en\/contact\/\",\"name\":\"Contacter l'\u00e9quipe commerciale, technique ou adinistrative de Secuderm\",\"isPartOf\":{\"@id\":\"https:\/\/secuderm.com\/#website\"},\"datePublished\":\"2016-04-21T05:51:17+00:00\",\"dateModified\":\"2024-01-29T17:00:24+00:00\",\"description\":\"Pour toutes questions d'ordre technique ou commercial sur nos protections \u00e9tanches, n'h\u00e9sitez-pas \u00e0 nous contacter. Nous vous r\u00e9pondrons au plus vite.\",\"breadcrumb\":{\"@id\":\"https:\/\/secuderm.com\/en\/contact\/#breadcrumb\"},\"inLanguage\":\"en-US\",\"potentialAction\":[{\"@type\":\"ReadAction\",\"target\":[\"https:\/\/secuderm.com\/en\/contact\/\"]}]},{\"@type\":\"BreadcrumbList\",\"@id\":\"https:\/\/secuderm.com\/en\/contact\/#breadcrumb\",\"itemListElement\":[{\"@type\":\"ListItem\",\"position\":1,\"name\":\"Home\",\"item\":\"https:\/\/secuderm.com\/en\/\"},{\"@type\":\"ListItem\",\"position\":2,\"name\":\"Contact us\"}]},{\"@type\":\"WebSite\",\"@id\":\"https:\/\/secuderm.com\/#website\",\"url\":\"https:\/\/secuderm.com\/\",\"name\":\"Secuderm\",\"description\":\"Votre protection 100% \u00e9tanche!\",\"potentialAction\":[{\"@type\":\"SearchAction\",\"target\":{\"@type\":\"EntryPoint\",\"urlTemplate\":\"https:\/\/secuderm.com\/?s={search_term_string}\"},\"query-input\":{\"@type\":\"PropertyValueSpecification\",\"valueRequired\":true,\"valueName\":\"search_term_string\"}}],\"inLanguage\":\"en-US\"}]}<\/script>\n<!-- \/ Yoast SEO plugin. -->","yoast_head_json":{"title":"Contacter l'\u00e9quipe commerciale, technique ou adinistrative de Secuderm","description":"Pour toutes questions d'ordre technique ou commercial sur nos protections \u00e9tanches, n'h\u00e9sitez-pas \u00e0 nous contacter. Nous vous r\u00e9pondrons au plus vite.","robots":{"index":"index","follow":"follow","max-snippet":"max-snippet:-1","max-image-preview":"max-image-preview:large","max-video-preview":"max-video-preview:-1"},"canonical":"https:\/\/secuderm.com\/en\/contact\/","og_locale":"en_US","og_type":"article","og_title":"Contacter l'\u00e9quipe commerciale, technique ou adinistrative de Secuderm","og_description":"Pour toutes questions d'ordre technique ou commercial sur nos protections \u00e9tanches, n'h\u00e9sitez-pas \u00e0 nous contacter. Nous vous r\u00e9pondrons au plus vite.","og_url":"https:\/\/secuderm.com\/en\/contact\/","og_site_name":"Secuderm","article_publisher":"https:\/\/www.facebook.com\/Secuderm-183514858354755\/","article_modified_time":"2024-01-29T17:00:24+00:00","twitter_card":"summary_large_image","twitter_misc":{"Est. reading time":"2 minutes"},"schema":{"@context":"https:\/\/schema.org","@graph":[{"@type":"WebPage","@id":"https:\/\/secuderm.com\/en\/contact\/","url":"https:\/\/secuderm.com\/en\/contact\/","name":"Contacter l'\u00e9quipe commerciale, technique ou adinistrative de Secuderm","isPartOf":{"@id":"https:\/\/secuderm.com\/#website"},"datePublished":"2016-04-21T05:51:17+00:00","dateModified":"2024-01-29T17:00:24+00:00","description":"Pour toutes questions d'ordre technique ou commercial sur nos protections \u00e9tanches, n'h\u00e9sitez-pas \u00e0 nous contacter. Nous vous r\u00e9pondrons au plus vite.","breadcrumb":{"@id":"https:\/\/secuderm.com\/en\/contact\/#breadcrumb"},"inLanguage":"en-US","potentialAction":[{"@type":"ReadAction","target":["https:\/\/secuderm.com\/en\/contact\/"]}]},{"@type":"BreadcrumbList","@id":"https:\/\/secuderm.com\/en\/contact\/#breadcrumb","itemListElement":[{"@type":"ListItem","position":1,"name":"Home","item":"https:\/\/secuderm.com\/en\/"},{"@type":"ListItem","position":2,"name":"Contact us"}]},{"@type":"WebSite","@id":"https:\/\/secuderm.com\/#website","url":"https:\/\/secuderm.com\/","name":"Secuderm","description":"Votre protection 100% \u00e9tanche!","potentialAction":[{"@type":"SearchAction","target":{"@type":"EntryPoint","urlTemplate":"https:\/\/secuderm.com\/?s={search_term_string}"},"query-input":{"@type":"PropertyValueSpecification","valueRequired":true,"valueName":"search_term_string"}}],"inLanguage":"en-US"}]}},"_links":{"self":[{"href":"https:\/\/secuderm.com\/en\/wp-json\/wp\/v2\/pages\/2679","targetHints":{"allow":["GET"]}}],"collection":[{"href":"https:\/\/secuderm.com\/en\/wp-json\/wp\/v2\/pages"}],"about":[{"href":"https:\/\/secuderm.com\/en\/wp-json\/wp\/v2\/types\/page"}],"author":[{"embeddable":true,"href":"https:\/\/secuderm.com\/en\/wp-json\/wp\/v2\/users\/1"}],"replies":[{"embeddable":true,"href":"https:\/\/secuderm.com\/en\/wp-json\/wp\/v2\/comments?post=2679"}],"version-history":[{"count":9,"href":"https:\/\/secuderm.com\/en\/wp-json\/wp\/v2\/pages\/2679\/revisions"}],"predecessor-version":[{"id":31234,"href":"https:\/\/secuderm.com\/en\/wp-json\/wp\/v2\/pages\/2679\/revisions\/31234"}],"wp:attachment":[{"href":"https:\/\/secuderm.com\/en\/wp-json\/wp\/v2\/media?parent=2679"}],"curies":[{"name":"wp","href":"https:\/\/api.w.org\/{rel}","templated":true}]}}