{"id":2691,"date":"2016-10-24T00:26:09","date_gmt":"2016-10-23T22:26:09","guid":{"rendered":"http:\/\/thewaterproofbandage.com\/en\/?page_id=2691"},"modified":"2017-05-23T16:31:56","modified_gmt":"2017-05-23T14:31:56","slug":"our-story","status":"publish","type":"page","link":"https:\/\/secuderm.com\/en\/our-story\/","title":{"rendered":"Our story"},"content":{"rendered":"<p><section id=\"bt_section69e30216c28a6\" data-parallax=\"0.5\" data-parallax-offset=\"-235\" class=\"boldSection topSpaced bottomSemiSpaced btLightSkin gutter btMiddleVertical btParallax wBackground cover\" style=\"background-image:url('https:\/\/secuderm.com\/wp-content\/uploads\/2016\/04\/eric_gilly_secuderm.jpg');\"><div class=\"port\"><div class=\"boldCell\"><div class=\"boldCellInner\"><div class=\"boldRow \" ><div class=\"boldRowInner\"><div class=\"rowItem col-md-7 col-ms-12  btTextLeft btMiddleVertical\"  data-width=\"7\"><div class=\"rowItemContent\" ><header class=\"header btClear extralarge Histoire\" ><div class=\"dash\"><h1><span class=\"headline\">Simplicity,<br \/><br>Passion,<br \/><br>Perseverance<\/span><\/h1><\/div><\/header><div class=\"btClear btSeparator topSmallSpaced noBorder\" ><hr><\/div><\/div><\/div><div class=\"rowItem col-md-5 col-ms-12  btTextLeft\"  data-width=\"5\"><div class=\"rowItemContent\" ><\/div><\/div><\/div><\/div><\/div><\/div><\/div><\/section><section id=\"bt_section69e30216c2ac7\" data-parallax=\"0.1\" data-parallax-offset=\"0\" class=\"boldSection topSemiSpaced bottomMediumSpaced btLightSkin gutter inherit btParallax\" ><div class=\"port\"><div class=\"boldCell\"><div class=\"boldCellInner\"><div class=\"boldRow \" ><div class=\"boldRowInner\"><div class=\"rowItem btLeftBorder col-md-12 col-ms-12  btTextLeft btMiddleVertical\"  data-width=\"12\"><div class=\"rowItemContent\" ><header class=\"header btClear medium btDash dotsDash\" ><div class=\"dash\"><h3><span class=\"headline\">The idea<\/span><\/h3><\/div><\/header><div class=\"btText\" ><\/p>\n<p>Former football player and founder of Secuderm, Eric Gilli was operated several times on the knees.<\/p>\n<p>&#8220;I always had the same problem: <strong>how to shower without degrading my bandages?<\/strong> &#8221; He recalls.<\/p>\n<p>&#8220;I wanted to protect the dressing so that it is waterproof, even on a joint. &#8221;<\/p>\n<p>He then had a simple idea: separate the film from the gel. We first set the gel, and then apply the film to the desired size.<\/p>\n<p>It was in this spirit of service that the unique and patented concept was developed.<\/p>\n<p>\n<\/div><\/div><\/div><\/div><\/div><\/div><\/div><\/div><\/section><section id=\"bt_section69e30216c2c8f\" data-parallax=\"0.1\" data-parallax-offset=\"0\" class=\"boldSection topMediumSpaced bottomMediumSpaced btLightSkin gutter inherit btParallax\" ><div class=\"port\"><div class=\"boldCell\"><div class=\"boldCellInner\"><div class=\"boldRow \" ><div class=\"boldRowInner\"><div class=\"rowItem btLeftBorder col-md-12 col-ms-12  btTextLeft btMiddleVertical\"  data-width=\"12\"><div class=\"rowItemContent\" ><header class=\"header btClear medium btDash dotsDash\" ><div class=\"dash\"><h3><span class=\"headline\">Adventure beginnings <\/span><\/h3><\/div><\/header><div class=\"btText\" ><\/p>\n<p>The first tests were carried out in 2005.<\/p>\n<p>After validating the idea with medical professionals, he filed a patent and creates Secuderm in October 2005.<\/p>\n<p>The first prototypes are created in early 2006, and then everything goes very quickly for the young entrepreneur.<\/p>\n<p>&#8220;At first my idea was to turn to the balneotherapy sector. But I needed technical expertise. I found it through the French Navy, to whom the concept drew a quick interest. &#8221;<\/p>\n<p>This meeting was decisive for Secuderm: doctors of the French Navy validated the use and product performance for commando swimmers.<\/p>\n<p>This validation then revealed the strength of the concept, the uniqueness of the solution and its performance.<\/p>\n<p>Secuderm is also then sought after by the first hospital services: a doctor utilise then and made a presentation to the French convention of care of bedsores. Other doctors used in intensive care unit in Toulon.<\/p>\n<p><strong>The unique design and unprecedented performance reveals itself to be a new genuine care solution.<\/strong><\/p>\n<p>It allows to provide unprecedented protection for catheters, allowing a safe shower and bath for patients, and to most of them for the first time.<\/p>\n<p>This experience has also opened opportunities for the scuba-diving and boating sector.<\/p>\n<p>Thus was born Secuderm, a true technology that protects the treated areas or care device and frees the patient.<\/p>\n<p>\n<\/div><\/div><\/div><\/div><\/div><\/div><\/div><\/div><\/section><section id=\"bt_section69e30216c2e72\" data-parallax=\"0.1\" data-parallax-offset=\"0\" class=\"boldSection topMediumSpaced bottomMediumSpaced btLightSkin gutter inherit btParallax\" ><div class=\"port\"><div class=\"boldCell\"><div class=\"boldCellInner\"><div class=\"boldRow \" ><div class=\"boldRowInner\"><div class=\"rowItem btLeftBorder col-md-12 col-ms-12  btTextLeft btMiddleVertical\"  data-width=\"12\"><div class=\"rowItemContent\" ><header class=\"header btClear medium btDash dotsDash\" ><div class=\"dash\"><h3><span class=\"headline\">Key Milestones<\/span><\/h3><\/div><\/header><div class=\"btText\" ><\/p>\n<ul>\n<li>2005: Filing of Patent and creation of the company<\/li>\n<li>2006: First prototypes<\/li>\n<li>2007: Test report of Navy doctors on combat swimmers validating the relevance and performance of the concept<\/li>\n<li>2008: Establishment of industrialization and CE Marking<\/li>\n<li>2010: Publication of 5 pages in the journal &#8220;Journal of wounds and wound healing,&#8221; about using Secuderm by commandos operation in Guyana<\/li>\n<li>2011: Secuderm team APHM (Assistance Publique H\u00f4pitaux de Marseille), 2nd hospital center in France<\/li>\n<li>2012: US Patent and first sales in pharmacies<\/li>\n<li>2013: 3 posters in Francophone Congress of the wound and the healing resumed at (EWMA European Wound Management Association)<\/li>\n<li>2014: Redesign of the range (integration of S and XL models) and packaging<\/li>\n<li>2016: Signing an international distribution agreement with Vygon to protect catheters (hospitals and home care).<\/li>\n<\/ul>\n<p>\n<\/div><\/div><\/div><\/div><\/div><\/div><\/div><\/div><\/section><section id=\"bt_section69e30216c2fdb\" data-parallax=\"0.1\" data-parallax-offset=\"0\" class=\"boldSection topMediumSpaced bottomMediumSpaced btLightSkin gutter inherit btParallax\" ><div class=\"port\"><div class=\"boldCell\"><div class=\"boldCellInner\"><div class=\"boldRow \" ><div class=\"boldRowInner\"><div class=\"rowItem btLeftBorder col-md-12 col-ms-12  btTextLeft btMiddleVertical\"  data-width=\"12\"><div class=\"rowItemContent\" ><header class=\"header btClear medium btDash dotsDash\" ><div class=\"dash\"><h3><span class=\"headline\">Our ambition<\/span><\/h3><div class=\"btSubTitle\">A sharp vision of the future<\/div><\/div><\/header><div class=\"btText\" ><\/p>\n<p>Today, thanks to its innovation and patents, Secuderm is currently the only provider of first and second dressing protection.<\/p>\n<p>We are now working closely and partnering with catheters manufacturer, dressings, bandage &amp; creams manufacturers, and our technology is a solid base for any type of innovation in this field of application.<\/p>\n<p>Secuderm is currently workng on extending its solution to include a Anti UV protection.<\/p>\n<p>The future also also lies in connected solutions&#8230; Secuderm actively work on a relevant and unique offer in this domain.<\/p>\n<p>The technology platform associated with the concept allows us to offer our partners a relevant product that meets the expectations and needs of its customers!<\/p>\n<p>This new horizons for Secuderm, thus new &amp; extended applications as well as new patents &#8230; and therefore increase the solutions range offered.<\/p>\n<p>Concurrently, the company is accelerating its commercial development by signing distribution partnerships around the world.<\/p>\n<p>\n<\/div><\/div><\/div><\/div><\/div><\/div><\/div><\/div><\/section><section id=\"bt_section69e30216c3113\" data-parallax=\"0\" data-parallax-offset=\"0\" class=\"boldSection topSemiSpaced btLightSkin gutter inherit btParallax\" ><div class=\"port\"><div class=\"boldCell\"><div class=\"boldCellInner\"><div class=\"boldRow \" ><div class=\"boldRowInner\"><div class=\"rowItem col-md-4 col-ms-12 btTextLeft animate animate-fadein inherit\"  data-width=\"4\"><div class=\"rowItemContent\" ><div class=\"btText\" ><\/p>\n<blockquote>\n<p>Secuderm has a legitimacy that provide a relevant solution, unique and efficient for everyone. So as to provide a solutions to dissatisfaction, needs or problems patients and \/ or caregivers have.<\/p>\n<\/blockquote>\n<p>\n<\/div><div class=\"boldRow \" ><div class=\"boldRowInner\"><div class=\"rowItem rowInnerItem col-sm-6  btTextLeft\"  ><div class=\"rowItemContent\" ><div class=\"btIconImageRow\" ><div class=\"bpgPhoto btImageDefaultHover\" ><div class = \"btImage\"><img decoding=\"async\" src=\"https:\/\/secuderm.com\/wp-content\/uploads\/2016\/04\/signature_secuderm6.png\" alt=\"\" ><\/div><\/div><\/div><header class=\"header btClear small\" ><div class=\"dash\"><h4><span class=\"headline\">Eric Gilli<\/span><\/h4><div class=\"btSubTitle\">Secuderm Founder<\/div><\/div><\/header><div class=\"btClear btSeparator topSemiSpaced noBorder\" ><hr><\/div><\/div><\/div><div class=\"rowItem rowInnerItem col-sm-6  btTextLeft btBottomVertical\"  ><div class=\"rowItemContent\" ><div class=\"bpgPhoto btImageDefaultHover\" ><div class = \"btImage\"><img decoding=\"async\" src=\"https:\/\/secuderm.com\/wp-content\/uploads\/2016\/04\/trophee_secuderm_cgpme_2016_2.png\" alt=\"\" ><\/div><\/div><\/div><\/div><\/div><\/div><\/div><\/div><div class=\"rowItem btLeftBorder col-md-8 col-ms-12 btTextLeft btMiddleVertical btDoublePadding\"  data-width=\"8\"><div class=\"rowItemContent\" ><header class=\"header btClear medium btDash bottomDash\" ><div class=\"dash\"><h3><span class=\"headline\">Awards &amp; Prizes<\/span><\/h3><\/div><\/header><div class=\"btText\" ><\/p>\n<ul>\n<li>2008: Laureate Entrepreneurship Network<\/li>\n<li>2009 Winner 1st trophy Act&#8217;sant\u00e9<\/li>\n<li>2009 Presentation New York Academy of Sciences<\/li>\n<li>2010: Post Congress of the European Society Woundcare<\/li>\n<li>2010: Various Medical Publications in French Companies<\/li>\n<li>2013: Major publication in the Journal of French and Francophone society Wound and Healing<\/li>\n<li>2013: 3 Posters in Congress Wound and Healing<\/li>\n<li>2013: 3 Posters at the European Woundcare Management Assocation &#8211; EWMA<\/li>\n<li>2015: Selected Program MedStartUp &#8211; Galien Foundation \/ US Business France<\/li>\n<li>2016: Price of Benevolence &#8211; Trophies positive Entrepeneurs of CGPME13<\/li>\n<li>2016: Nominated Award MedStartUp &#8211; Galien Foundation \/ US Business France<\/li>\n<\/ul>\n<p>\n<\/div><\/div><\/div><\/div><\/div><\/div><\/div><\/div><\/section><section id=\"bt_section69e30216c415f\" data-parallax=\"0.7\" data-parallax-offset=\"0\" class=\"boldSection topSpaced bottomSpaced btDarkSkin gutter btMiddleVertical btParallax wBackground cover\" style=\"background-image:url('https:\/\/secuderm.com\/wp-content\/uploads\/2016\/04\/header_techno.jpg');\"><div class=\"port\"><div class=\"boldCell\"><div class=\"boldCellInner\"><div class=\"boldRow \" ><div class=\"boldRowInner\"><div class=\"rowItem col-md-12 col-ms-12  btTextCenter btMiddleVertical\"  data-width=\"12\"><div class=\"rowItemContent\" ><header class=\"header btClear large\" ><div class=\"dash\"><h2><span class=\"headline\"><b class=\"animate\">Keeping up to date with Secuderm&#8217;s News?<\/b><\/span><\/h2><\/div><\/header><div class=\"btIconImageRow btIconsNormalPosition\" ><span class=\"btIco btIcoFilledType btIcoBigSize btIcoAccentColor \"><a href=\"https:\/\/www.facebook.com\/Secuderm-183514858354755\/\"  target=\"_blank\" data-ico-fa=\"&#xf09a;\" class=\"btIcoHolder\"><\/a><\/span><\/div><\/div><\/div><\/div><\/div><\/div><\/div><\/div><\/section><\/p>\n","protected":false},"excerpt":{"rendered":"","protected":false},"author":1,"featured_media":0,"parent":0,"menu_order":0,"comment_status":"closed","ping_status":"closed","template":"","meta":{"footnotes":""},"class_list":["post-2691","page","type-page","status-publish","hentry"],"yoast_head":"<!-- This site is optimized with the Yoast SEO plugin v26.1.1 - https:\/\/yoast.com\/wordpress\/plugins\/seo\/ -->\n<title>Histoire Secuderm : de l&#039;id\u00e9e au d\u00e9veloppement international<\/title>\n<meta name=\"description\" content=\"L&#039;histoire de la cr\u00e9ation de Secuderm : de l&#039;id\u00e9e au d\u00e9veloppement international ! D\u00e9couvrez comment Eric Gilli a invent\u00e9 cette protection \u00e9tanche innovante\" \/>\n<meta name=\"robots\" content=\"index, follow, max-snippet:-1, max-image-preview:large, max-video-preview:-1\" \/>\n<link rel=\"canonical\" href=\"https:\/\/secuderm.com\/en\/our-story\/\" \/>\n<meta property=\"og:locale\" content=\"en_US\" \/>\n<meta property=\"og:type\" content=\"article\" \/>\n<meta property=\"og:title\" content=\"Histoire Secuderm : de l&#039;id\u00e9e au d\u00e9veloppement international\" \/>\n<meta property=\"og:description\" content=\"L&#039;histoire de la cr\u00e9ation de Secuderm : de l&#039;id\u00e9e au d\u00e9veloppement international ! D\u00e9couvrez comment Eric Gilli a invent\u00e9 cette protection \u00e9tanche innovante\" \/>\n<meta property=\"og:url\" content=\"https:\/\/secuderm.com\/en\/our-story\/\" \/>\n<meta property=\"og:site_name\" content=\"Secuderm\" \/>\n<meta property=\"article:publisher\" content=\"https:\/\/www.facebook.com\/Secuderm-183514858354755\/\" \/>\n<meta property=\"article:modified_time\" content=\"2017-05-23T14:31:56+00:00\" \/>\n<meta name=\"twitter:card\" content=\"summary_large_image\" \/>\n<meta name=\"twitter:label1\" content=\"Est. reading time\" \/>\n\t<meta name=\"twitter:data1\" content=\"9 minutes\" \/>\n<script type=\"application\/ld+json\" class=\"yoast-schema-graph\">{\"@context\":\"https:\/\/schema.org\",\"@graph\":[{\"@type\":\"WebPage\",\"@id\":\"https:\/\/secuderm.com\/en\/our-story\/\",\"url\":\"https:\/\/secuderm.com\/en\/our-story\/\",\"name\":\"Histoire Secuderm : de l'id\u00e9e au d\u00e9veloppement international\",\"isPartOf\":{\"@id\":\"https:\/\/secuderm.com\/#website\"},\"datePublished\":\"2016-10-23T22:26:09+00:00\",\"dateModified\":\"2017-05-23T14:31:56+00:00\",\"description\":\"L'histoire de la cr\u00e9ation de Secuderm : de l'id\u00e9e au d\u00e9veloppement international ! D\u00e9couvrez comment Eric Gilli a invent\u00e9 cette protection \u00e9tanche innovante\",\"breadcrumb\":{\"@id\":\"https:\/\/secuderm.com\/en\/our-story\/#breadcrumb\"},\"inLanguage\":\"en-US\",\"potentialAction\":[{\"@type\":\"ReadAction\",\"target\":[\"https:\/\/secuderm.com\/en\/our-story\/\"]}]},{\"@type\":\"BreadcrumbList\",\"@id\":\"https:\/\/secuderm.com\/en\/our-story\/#breadcrumb\",\"itemListElement\":[{\"@type\":\"ListItem\",\"position\":1,\"name\":\"Home\",\"item\":\"https:\/\/secuderm.com\/en\/\"},{\"@type\":\"ListItem\",\"position\":2,\"name\":\"Our story\"}]},{\"@type\":\"WebSite\",\"@id\":\"https:\/\/secuderm.com\/#website\",\"url\":\"https:\/\/secuderm.com\/\",\"name\":\"Secuderm\",\"description\":\"Votre protection 100% \u00e9tanche!\",\"potentialAction\":[{\"@type\":\"SearchAction\",\"target\":{\"@type\":\"EntryPoint\",\"urlTemplate\":\"https:\/\/secuderm.com\/?s={search_term_string}\"},\"query-input\":{\"@type\":\"PropertyValueSpecification\",\"valueRequired\":true,\"valueName\":\"search_term_string\"}}],\"inLanguage\":\"en-US\"}]}<\/script>\n<!-- \/ Yoast SEO plugin. -->","yoast_head_json":{"title":"Histoire Secuderm : de l'id\u00e9e au d\u00e9veloppement international","description":"L'histoire de la cr\u00e9ation de Secuderm : de l'id\u00e9e au d\u00e9veloppement international ! D\u00e9couvrez comment Eric Gilli a invent\u00e9 cette protection \u00e9tanche innovante","robots":{"index":"index","follow":"follow","max-snippet":"max-snippet:-1","max-image-preview":"max-image-preview:large","max-video-preview":"max-video-preview:-1"},"canonical":"https:\/\/secuderm.com\/en\/our-story\/","og_locale":"en_US","og_type":"article","og_title":"Histoire Secuderm : de l'id\u00e9e au d\u00e9veloppement international","og_description":"L'histoire de la cr\u00e9ation de Secuderm : de l'id\u00e9e au d\u00e9veloppement international ! D\u00e9couvrez comment Eric Gilli a invent\u00e9 cette protection \u00e9tanche innovante","og_url":"https:\/\/secuderm.com\/en\/our-story\/","og_site_name":"Secuderm","article_publisher":"https:\/\/www.facebook.com\/Secuderm-183514858354755\/","article_modified_time":"2017-05-23T14:31:56+00:00","twitter_card":"summary_large_image","twitter_misc":{"Est. reading time":"9 minutes"},"schema":{"@context":"https:\/\/schema.org","@graph":[{"@type":"WebPage","@id":"https:\/\/secuderm.com\/en\/our-story\/","url":"https:\/\/secuderm.com\/en\/our-story\/","name":"Histoire Secuderm : de l'id\u00e9e au d\u00e9veloppement international","isPartOf":{"@id":"https:\/\/secuderm.com\/#website"},"datePublished":"2016-10-23T22:26:09+00:00","dateModified":"2017-05-23T14:31:56+00:00","description":"L'histoire de la cr\u00e9ation de Secuderm : de l'id\u00e9e au d\u00e9veloppement international ! D\u00e9couvrez comment Eric Gilli a invent\u00e9 cette protection \u00e9tanche innovante","breadcrumb":{"@id":"https:\/\/secuderm.com\/en\/our-story\/#breadcrumb"},"inLanguage":"en-US","potentialAction":[{"@type":"ReadAction","target":["https:\/\/secuderm.com\/en\/our-story\/"]}]},{"@type":"BreadcrumbList","@id":"https:\/\/secuderm.com\/en\/our-story\/#breadcrumb","itemListElement":[{"@type":"ListItem","position":1,"name":"Home","item":"https:\/\/secuderm.com\/en\/"},{"@type":"ListItem","position":2,"name":"Our story"}]},{"@type":"WebSite","@id":"https:\/\/secuderm.com\/#website","url":"https:\/\/secuderm.com\/","name":"Secuderm","description":"Votre protection 100% \u00e9tanche!","potentialAction":[{"@type":"SearchAction","target":{"@type":"EntryPoint","urlTemplate":"https:\/\/secuderm.com\/?s={search_term_string}"},"query-input":{"@type":"PropertyValueSpecification","valueRequired":true,"valueName":"search_term_string"}}],"inLanguage":"en-US"}]}},"_links":{"self":[{"href":"https:\/\/secuderm.com\/en\/wp-json\/wp\/v2\/pages\/2691","targetHints":{"allow":["GET"]}}],"collection":[{"href":"https:\/\/secuderm.com\/en\/wp-json\/wp\/v2\/pages"}],"about":[{"href":"https:\/\/secuderm.com\/en\/wp-json\/wp\/v2\/types\/page"}],"author":[{"embeddable":true,"href":"https:\/\/secuderm.com\/en\/wp-json\/wp\/v2\/users\/1"}],"replies":[{"embeddable":true,"href":"https:\/\/secuderm.com\/en\/wp-json\/wp\/v2\/comments?post=2691"}],"version-history":[{"count":4,"href":"https:\/\/secuderm.com\/en\/wp-json\/wp\/v2\/pages\/2691\/revisions"}],"predecessor-version":[{"id":3035,"href":"https:\/\/secuderm.com\/en\/wp-json\/wp\/v2\/pages\/2691\/revisions\/3035"}],"wp:attachment":[{"href":"https:\/\/secuderm.com\/en\/wp-json\/wp\/v2\/media?parent=2691"}],"curies":[{"name":"wp","href":"https:\/\/api.w.org\/{rel}","templated":true}]}}