{"id":2821,"date":"2016-10-25T21:13:17","date_gmt":"2016-10-25T19:13:17","guid":{"rendered":"https:\/\/secuderm.com\/en\/?page_id=2821"},"modified":"2017-05-23T16:27:01","modified_gmt":"2017-05-23T14:27:01","slug":"news","status":"publish","type":"page","link":"https:\/\/secuderm.com\/en\/news\/","title":{"rendered":"News"},"content":{"rendered":"<p><section id=\"bt_section69e0425ef1f41\" data-parallax=\"0.5\" data-parallax-offset=\"0\" class=\"boldSection topLargeSpaced bottomSemiSpaced btLightSkin gutter btMiddleVertical btParallax wBackground cover btBackgroundOverlay btStripedLight\" style=\"background-image:url('https:\/\/secuderm.com\/wp-content\/uploads\/2016\/04\/blog-header.jpg');\"><div class=\"port\"><div class=\"boldCell\"><div class=\"boldCellInner\"><div class=\"boldRow \" ><div class=\"boldRowInner\"><div class=\"rowItem col-md-7 col-ms-12  btTextLeft inherit\"  data-width=\"7\"><div class=\"rowItemContent\" ><header class=\"header btClear extralarge\" ><div class=\"dash\"><h1><span class=\"headline\"><b class=\"animate\">Secuderm<\/b> News<\/span><\/h1><\/div><\/header><\/div><\/div><div class=\"rowItem col-md-5 col-ms-12  btTextLeft\"  data-width=\"5\"><div class=\"rowItemContent\" ><\/div><\/div><\/div><\/div><\/div><\/div><\/div><\/section><section id=\"bt_section69e0425ef224b\"  class=\"boldSection topSmallSpaced bottomSmallSpaced gutter inherit\" ><div class=\"port\"><div class=\"boldCell\"><div class=\"boldCellInner\"><div class=\"boldRow \" ><div class=\"boldRowInner\"><div class=\"rowItem col-md-12 col-ms-12  btTextCenter inherit\"  data-width=\"12\"><div class=\"rowItemContent\" ><div class=\"btClear btSeparator topExtraSmallSpaced noBorder\" ><hr><\/div><div class=\"btGridContainer classic btGridGap-20 btHasTitles\" ><div class=\"btCatFilter\"><span class=\"btCatFilterTitle\">Category filter:<\/span><span class=\"btCatFilterItem all\" data-slug=\"\">All<\/span><span class=\"btCatFilterItem\" data-slug=\"events\">Events<\/span><span class=\"btCatFilterItem\" data-slug=\"press\">Press<\/span><span class=\"btCatFilterItem\" data-slug=\"press-release\">Press Release<\/span><\/div><div class=\"tilesWall btAjaxGrid classic\" data-num=\"20\" data-tiles-title=\"yes\" data-grid-type=\"classic\" data-post-type=\"blog\" data-col=\"3\" data-cat-slug=\"\" data-scroll-loading=\"no\" data-format=\"\" data-related=\"\" data-sticky=\"no\"><div class=\"gridSizer\"><\/div><\/div><div class=\"btLoader btLoaderGrid\"><\/div><div class=\"btNoMore btTextCenter topSmallSpaced bottomSmallSpaced\">No more posts<\/div><\/div><\/div><\/div><\/div><\/div><\/div><\/div><\/div><\/section><\/p>\n","protected":false},"excerpt":{"rendered":"","protected":false},"author":1,"featured_media":0,"parent":0,"menu_order":0,"comment_status":"closed","ping_status":"closed","template":"","meta":{"footnotes":""},"class_list":["post-2821","page","type-page","status-publish","hentry"],"yoast_head":"<!-- This site is optimized with the Yoast SEO plugin v26.1.1 - https:\/\/yoast.com\/wordpress\/plugins\/seo\/ -->\n<title>Actualit\u00e9 de la soci\u00e9t\u00e9 Secuderm fabricant de pansement \u00e9tanche douche<\/title>\n<meta name=\"description\" content=\"Toute l&#039;actu et les nouveaut\u00e9s de Secuderm et pansements \u00e9tanches waterproof : \u00e9v\u00e9nements, communiqu\u00e9s de presse, Secuderm dans la presse, innovation, R&amp;D\" \/>\n<meta name=\"robots\" content=\"index, follow, max-snippet:-1, max-image-preview:large, max-video-preview:-1\" \/>\n<link rel=\"canonical\" href=\"https:\/\/secuderm.com\/en\/news\/\" \/>\n<meta property=\"og:locale\" content=\"en_US\" \/>\n<meta property=\"og:type\" content=\"article\" \/>\n<meta property=\"og:title\" content=\"Actualit\u00e9 de la soci\u00e9t\u00e9 Secuderm fabricant de pansement \u00e9tanche douche\" \/>\n<meta property=\"og:description\" content=\"Toute l&#039;actu et les nouveaut\u00e9s de Secuderm et pansements \u00e9tanches waterproof : \u00e9v\u00e9nements, communiqu\u00e9s de presse, Secuderm dans la presse, innovation, R&amp;D\" \/>\n<meta property=\"og:url\" content=\"https:\/\/secuderm.com\/en\/news\/\" \/>\n<meta property=\"og:site_name\" content=\"Secuderm\" \/>\n<meta property=\"article:publisher\" content=\"https:\/\/www.facebook.com\/Secuderm-183514858354755\/\" \/>\n<meta property=\"article:modified_time\" content=\"2017-05-23T14:27:01+00:00\" \/>\n<meta name=\"twitter:card\" content=\"summary_large_image\" \/>\n<meta name=\"twitter:label1\" content=\"Est. reading time\" \/>\n\t<meta name=\"twitter:data1\" content=\"1 minute\" \/>\n<script type=\"application\/ld+json\" class=\"yoast-schema-graph\">{\"@context\":\"https:\/\/schema.org\",\"@graph\":[{\"@type\":\"WebPage\",\"@id\":\"https:\/\/secuderm.com\/en\/news\/\",\"url\":\"https:\/\/secuderm.com\/en\/news\/\",\"name\":\"Actualit\u00e9 de la soci\u00e9t\u00e9 Secuderm fabricant de pansement \u00e9tanche douche\",\"isPartOf\":{\"@id\":\"https:\/\/secuderm.com\/#website\"},\"datePublished\":\"2016-10-25T19:13:17+00:00\",\"dateModified\":\"2017-05-23T14:27:01+00:00\",\"description\":\"Toute l'actu et les nouveaut\u00e9s de Secuderm et pansements \u00e9tanches waterproof : \u00e9v\u00e9nements, communiqu\u00e9s de presse, Secuderm dans la presse, innovation, R&D\",\"breadcrumb\":{\"@id\":\"https:\/\/secuderm.com\/en\/news\/#breadcrumb\"},\"inLanguage\":\"en-US\",\"potentialAction\":[{\"@type\":\"ReadAction\",\"target\":[\"https:\/\/secuderm.com\/en\/news\/\"]}]},{\"@type\":\"BreadcrumbList\",\"@id\":\"https:\/\/secuderm.com\/en\/news\/#breadcrumb\",\"itemListElement\":[{\"@type\":\"ListItem\",\"position\":1,\"name\":\"Home\",\"item\":\"https:\/\/secuderm.com\/en\/\"},{\"@type\":\"ListItem\",\"position\":2,\"name\":\"News\"}]},{\"@type\":\"WebSite\",\"@id\":\"https:\/\/secuderm.com\/#website\",\"url\":\"https:\/\/secuderm.com\/\",\"name\":\"Secuderm\",\"description\":\"Votre protection 100% \u00e9tanche!\",\"potentialAction\":[{\"@type\":\"SearchAction\",\"target\":{\"@type\":\"EntryPoint\",\"urlTemplate\":\"https:\/\/secuderm.com\/?s={search_term_string}\"},\"query-input\":{\"@type\":\"PropertyValueSpecification\",\"valueRequired\":true,\"valueName\":\"search_term_string\"}}],\"inLanguage\":\"en-US\"}]}<\/script>\n<!-- \/ Yoast SEO plugin. -->","yoast_head_json":{"title":"Actualit\u00e9 de la soci\u00e9t\u00e9 Secuderm fabricant de pansement \u00e9tanche douche","description":"Toute l'actu et les nouveaut\u00e9s de Secuderm et pansements \u00e9tanches waterproof : \u00e9v\u00e9nements, communiqu\u00e9s de presse, Secuderm dans la presse, innovation, R&D","robots":{"index":"index","follow":"follow","max-snippet":"max-snippet:-1","max-image-preview":"max-image-preview:large","max-video-preview":"max-video-preview:-1"},"canonical":"https:\/\/secuderm.com\/en\/news\/","og_locale":"en_US","og_type":"article","og_title":"Actualit\u00e9 de la soci\u00e9t\u00e9 Secuderm fabricant de pansement \u00e9tanche douche","og_description":"Toute l'actu et les nouveaut\u00e9s de Secuderm et pansements \u00e9tanches waterproof : \u00e9v\u00e9nements, communiqu\u00e9s de presse, Secuderm dans la presse, innovation, R&D","og_url":"https:\/\/secuderm.com\/en\/news\/","og_site_name":"Secuderm","article_publisher":"https:\/\/www.facebook.com\/Secuderm-183514858354755\/","article_modified_time":"2017-05-23T14:27:01+00:00","twitter_card":"summary_large_image","twitter_misc":{"Est. reading time":"1 minute"},"schema":{"@context":"https:\/\/schema.org","@graph":[{"@type":"WebPage","@id":"https:\/\/secuderm.com\/en\/news\/","url":"https:\/\/secuderm.com\/en\/news\/","name":"Actualit\u00e9 de la soci\u00e9t\u00e9 Secuderm fabricant de pansement \u00e9tanche douche","isPartOf":{"@id":"https:\/\/secuderm.com\/#website"},"datePublished":"2016-10-25T19:13:17+00:00","dateModified":"2017-05-23T14:27:01+00:00","description":"Toute l'actu et les nouveaut\u00e9s de Secuderm et pansements \u00e9tanches waterproof : \u00e9v\u00e9nements, communiqu\u00e9s de presse, Secuderm dans la presse, innovation, R&D","breadcrumb":{"@id":"https:\/\/secuderm.com\/en\/news\/#breadcrumb"},"inLanguage":"en-US","potentialAction":[{"@type":"ReadAction","target":["https:\/\/secuderm.com\/en\/news\/"]}]},{"@type":"BreadcrumbList","@id":"https:\/\/secuderm.com\/en\/news\/#breadcrumb","itemListElement":[{"@type":"ListItem","position":1,"name":"Home","item":"https:\/\/secuderm.com\/en\/"},{"@type":"ListItem","position":2,"name":"News"}]},{"@type":"WebSite","@id":"https:\/\/secuderm.com\/#website","url":"https:\/\/secuderm.com\/","name":"Secuderm","description":"Votre protection 100% \u00e9tanche!","potentialAction":[{"@type":"SearchAction","target":{"@type":"EntryPoint","urlTemplate":"https:\/\/secuderm.com\/?s={search_term_string}"},"query-input":{"@type":"PropertyValueSpecification","valueRequired":true,"valueName":"search_term_string"}}],"inLanguage":"en-US"}]}},"_links":{"self":[{"href":"https:\/\/secuderm.com\/en\/wp-json\/wp\/v2\/pages\/2821","targetHints":{"allow":["GET"]}}],"collection":[{"href":"https:\/\/secuderm.com\/en\/wp-json\/wp\/v2\/pages"}],"about":[{"href":"https:\/\/secuderm.com\/en\/wp-json\/wp\/v2\/types\/page"}],"author":[{"embeddable":true,"href":"https:\/\/secuderm.com\/en\/wp-json\/wp\/v2\/users\/1"}],"replies":[{"embeddable":true,"href":"https:\/\/secuderm.com\/en\/wp-json\/wp\/v2\/comments?post=2821"}],"version-history":[{"count":2,"href":"https:\/\/secuderm.com\/en\/wp-json\/wp\/v2\/pages\/2821\/revisions"}],"predecessor-version":[{"id":2823,"href":"https:\/\/secuderm.com\/en\/wp-json\/wp\/v2\/pages\/2821\/revisions\/2823"}],"wp:attachment":[{"href":"https:\/\/secuderm.com\/en\/wp-json\/wp\/v2\/media?parent=2821"}],"curies":[{"name":"wp","href":"https:\/\/api.w.org\/{rel}","templated":true}]}}