{"id":2897,"date":"2016-10-21T09:28:08","date_gmt":"2016-10-21T07:28:08","guid":{"rendered":"https:\/\/secuderm.com\/en\/applications\/"},"modified":"2017-05-23T16:36:05","modified_gmt":"2017-05-23T14:36:05","slug":"applications","status":"publish","type":"page","link":"https:\/\/secuderm.com\/en\/applications\/","title":{"rendered":"Secuderm&#8217;s Applications"},"content":{"rendered":"<p><section id=\"bt_section69d013b44a991\" data-parallax=\"0.1\" data-parallax-offset=\"0\" class=\"boldSection topLargeSpaced bottomMediumSpaced btLightSkin gutter btTopVertical btParallax wBackground cover btBackgroundOverlay btStripedLight\" style=\"background-color:#f2f2f2;background-image:url('https:\/\/secuderm.com\/wp-content\/uploads\/2016\/04\/Application-header.jpg');background-size: contain;\"><div class=\"port\"><div class=\"boldCell\"><div class=\"boldCellInner\"><div class=\"boldRow \" ><div class=\"boldRowInner\"><div class=\"rowItem col-md-7 col-ms-12  btTextLeft inherit\"  data-width=\"7\"><div class=\"rowItemContent\" ><header class=\"header btClear large\" ><div class=\"dash\"><h2><span class=\"headline\"><b class=\"animate\">Secuderm<\/b>&#8216;s Applications<\/span><\/h2><\/div><\/header><\/div><\/div><div class=\"rowItem col-md-5 col-ms-12  btTextLeft\"  data-width=\"5\"><div class=\"rowItemContent\" ><\/div><\/div><\/div><\/div><\/div><\/div><\/div><\/section><section id=\"bt_section69d013b44ab7d\"  class=\"boldSection topMediumSpaced bottomSpaced inherit\" ><div class=\"port\"><div class=\"boldCell\"><div class=\"boldCellInner\"><div class=\"boldRow \" style=\"padding: 0 6%;\"><div class=\"boldRowInner\"><div class=\"rowItem col-md-12 col-ms-12  btTextLeft animate animate-fadein inherit\"  data-width=\"12\"><div class=\"rowItemContent\" ><div class=\"btText\" ><\/p>\n<p style=\"margin-left: auto; margin-right: auto; padding-bottom: 10px; text-align: center; width: 100%;\">Thanks to its innovative concept keeping the adhesive gel separate from the waterproof protection film, Secuderm adapts perfectly to any type<br \/>\nand shapes of area to be protected, even in the most difficult locations such as ears, between the toes, hands, gluteal cleft &#8230;<\/p>\n<p>\n<\/div><\/div><\/div><\/div><\/div><div class=\"boldRow \" ><div class=\"boldRowInner\"><div class=\"rowItem col-md-12 col-ms-12  btTextCenter inherit\"  data-width=\"12\"><div class=\"rowItemContent\" ><div class=\"btGridContainer tiled btGridGap-20 btHasTitles\" ><div class=\"btCatFilter\"><span class=\"btCatFilterTitle\">Category filter:<\/span><span class=\"btCatFilterItem all\" data-slug=\"\">All<\/span><span class=\"btCatFilterItem\" data-slug=\"devices\">DEVICES<\/span><span class=\"btCatFilterItem\" data-slug=\"specifics\">SPECIFICS<\/span><span class=\"btCatFilterItem\" data-slug=\"wounds\">WOUNDS<\/span><\/div><div class=\"tilesWall btAjaxGrid tiled\" data-num=\"12\" data-tiles-title=\"yes\" data-grid-type=\"tiled\" data-post-type=\"portfolio\" data-col=\"4\" data-cat-slug=\"\" data-scroll-loading=\"no\" data-format=\"\" data-related=\"\" data-sticky=\"no\"><div class=\"gridSizer\"><\/div><\/div><div class=\"btLoader btLoaderGrid\"><\/div><div class=\"btNoMore btTextCenter topSmallSpaced bottomSmallSpaced\">No more posts<\/div><\/div><div class=\"btClear btSeparator topMediumSpaced btDotsBorder\" ><hr><\/div><\/div><\/div><\/div><\/div><\/div><\/div><\/div><\/section><\/p>\n","protected":false},"excerpt":{"rendered":"","protected":false},"author":1,"featured_media":0,"parent":0,"menu_order":0,"comment_status":"closed","ping_status":"closed","template":"","meta":{"footnotes":""},"class_list":["post-2897","page","type-page","status-publish","hentry"],"yoast_head":"<!-- This site is optimized with the Yoast SEO plugin v26.1.1 - https:\/\/yoast.com\/wordpress\/plugins\/seo\/ -->\n<title>Sur protection \u00e9tanche pour prot\u00e9ger pansement primaire, plaie &amp; dispositif<\/title>\n<meta name=\"description\" content=\"Secuderm est une sur protection 100% \u00e9tanche qui permet de prot\u00e9ger de l&#039;eau tout type de pansement primaire, plaie et dispositif lors de douche et bain.\" \/>\n<meta name=\"robots\" content=\"index, follow, max-snippet:-1, max-image-preview:large, max-video-preview:-1\" \/>\n<link rel=\"canonical\" href=\"https:\/\/secuderm.com\/en\/applications\/\" \/>\n<meta property=\"og:locale\" content=\"en_US\" \/>\n<meta property=\"og:type\" content=\"article\" \/>\n<meta property=\"og:title\" content=\"Sur protection \u00e9tanche pour prot\u00e9ger pansement primaire, plaie &amp; dispositif\" \/>\n<meta property=\"og:description\" content=\"Secuderm est une sur protection 100% \u00e9tanche qui permet de prot\u00e9ger de l&#039;eau tout type de pansement primaire, plaie et dispositif lors de douche et bain.\" \/>\n<meta property=\"og:url\" content=\"https:\/\/secuderm.com\/en\/applications\/\" \/>\n<meta property=\"og:site_name\" content=\"Secuderm\" \/>\n<meta property=\"article:publisher\" content=\"https:\/\/www.facebook.com\/Secuderm-183514858354755\/\" \/>\n<meta property=\"article:modified_time\" content=\"2017-05-23T14:36:05+00:00\" \/>\n<meta name=\"twitter:card\" content=\"summary_large_image\" \/>\n<meta name=\"twitter:label1\" content=\"Est. reading time\" \/>\n\t<meta name=\"twitter:data1\" content=\"2 minutes\" \/>\n<script type=\"application\/ld+json\" class=\"yoast-schema-graph\">{\"@context\":\"https:\/\/schema.org\",\"@graph\":[{\"@type\":\"WebPage\",\"@id\":\"https:\/\/secuderm.com\/en\/applications\/\",\"url\":\"https:\/\/secuderm.com\/en\/applications\/\",\"name\":\"Sur protection \u00e9tanche pour prot\u00e9ger pansement primaire, plaie & dispositif\",\"isPartOf\":{\"@id\":\"https:\/\/secuderm.com\/#website\"},\"datePublished\":\"2016-10-21T07:28:08+00:00\",\"dateModified\":\"2017-05-23T14:36:05+00:00\",\"description\":\"Secuderm est une sur protection 100% \u00e9tanche qui permet de prot\u00e9ger de l'eau tout type de pansement primaire, plaie et dispositif lors de douche et bain.\",\"breadcrumb\":{\"@id\":\"https:\/\/secuderm.com\/en\/applications\/#breadcrumb\"},\"inLanguage\":\"en-US\",\"potentialAction\":[{\"@type\":\"ReadAction\",\"target\":[\"https:\/\/secuderm.com\/en\/applications\/\"]}]},{\"@type\":\"BreadcrumbList\",\"@id\":\"https:\/\/secuderm.com\/en\/applications\/#breadcrumb\",\"itemListElement\":[{\"@type\":\"ListItem\",\"position\":1,\"name\":\"Home\",\"item\":\"https:\/\/secuderm.com\/en\/\"},{\"@type\":\"ListItem\",\"position\":2,\"name\":\"Secuderm&#8217;s Applications\"}]},{\"@type\":\"WebSite\",\"@id\":\"https:\/\/secuderm.com\/#website\",\"url\":\"https:\/\/secuderm.com\/\",\"name\":\"Secuderm\",\"description\":\"Votre protection 100% \u00e9tanche!\",\"potentialAction\":[{\"@type\":\"SearchAction\",\"target\":{\"@type\":\"EntryPoint\",\"urlTemplate\":\"https:\/\/secuderm.com\/?s={search_term_string}\"},\"query-input\":{\"@type\":\"PropertyValueSpecification\",\"valueRequired\":true,\"valueName\":\"search_term_string\"}}],\"inLanguage\":\"en-US\"}]}<\/script>\n<!-- \/ Yoast SEO plugin. -->","yoast_head_json":{"title":"Sur protection \u00e9tanche pour prot\u00e9ger pansement primaire, plaie & dispositif","description":"Secuderm est une sur protection 100% \u00e9tanche qui permet de prot\u00e9ger de l'eau tout type de pansement primaire, plaie et dispositif lors de douche et bain.","robots":{"index":"index","follow":"follow","max-snippet":"max-snippet:-1","max-image-preview":"max-image-preview:large","max-video-preview":"max-video-preview:-1"},"canonical":"https:\/\/secuderm.com\/en\/applications\/","og_locale":"en_US","og_type":"article","og_title":"Sur protection \u00e9tanche pour prot\u00e9ger pansement primaire, plaie & dispositif","og_description":"Secuderm est une sur protection 100% \u00e9tanche qui permet de prot\u00e9ger de l'eau tout type de pansement primaire, plaie et dispositif lors de douche et bain.","og_url":"https:\/\/secuderm.com\/en\/applications\/","og_site_name":"Secuderm","article_publisher":"https:\/\/www.facebook.com\/Secuderm-183514858354755\/","article_modified_time":"2017-05-23T14:36:05+00:00","twitter_card":"summary_large_image","twitter_misc":{"Est. reading time":"2 minutes"},"schema":{"@context":"https:\/\/schema.org","@graph":[{"@type":"WebPage","@id":"https:\/\/secuderm.com\/en\/applications\/","url":"https:\/\/secuderm.com\/en\/applications\/","name":"Sur protection \u00e9tanche pour prot\u00e9ger pansement primaire, plaie & dispositif","isPartOf":{"@id":"https:\/\/secuderm.com\/#website"},"datePublished":"2016-10-21T07:28:08+00:00","dateModified":"2017-05-23T14:36:05+00:00","description":"Secuderm est une sur protection 100% \u00e9tanche qui permet de prot\u00e9ger de l'eau tout type de pansement primaire, plaie et dispositif lors de douche et bain.","breadcrumb":{"@id":"https:\/\/secuderm.com\/en\/applications\/#breadcrumb"},"inLanguage":"en-US","potentialAction":[{"@type":"ReadAction","target":["https:\/\/secuderm.com\/en\/applications\/"]}]},{"@type":"BreadcrumbList","@id":"https:\/\/secuderm.com\/en\/applications\/#breadcrumb","itemListElement":[{"@type":"ListItem","position":1,"name":"Home","item":"https:\/\/secuderm.com\/en\/"},{"@type":"ListItem","position":2,"name":"Secuderm&#8217;s Applications"}]},{"@type":"WebSite","@id":"https:\/\/secuderm.com\/#website","url":"https:\/\/secuderm.com\/","name":"Secuderm","description":"Votre protection 100% \u00e9tanche!","potentialAction":[{"@type":"SearchAction","target":{"@type":"EntryPoint","urlTemplate":"https:\/\/secuderm.com\/?s={search_term_string}"},"query-input":{"@type":"PropertyValueSpecification","valueRequired":true,"valueName":"search_term_string"}}],"inLanguage":"en-US"}]}},"_links":{"self":[{"href":"https:\/\/secuderm.com\/en\/wp-json\/wp\/v2\/pages\/2897","targetHints":{"allow":["GET"]}}],"collection":[{"href":"https:\/\/secuderm.com\/en\/wp-json\/wp\/v2\/pages"}],"about":[{"href":"https:\/\/secuderm.com\/en\/wp-json\/wp\/v2\/types\/page"}],"author":[{"embeddable":true,"href":"https:\/\/secuderm.com\/en\/wp-json\/wp\/v2\/users\/1"}],"replies":[{"embeddable":true,"href":"https:\/\/secuderm.com\/en\/wp-json\/wp\/v2\/comments?post=2897"}],"version-history":[{"count":3,"href":"https:\/\/secuderm.com\/en\/wp-json\/wp\/v2\/pages\/2897\/revisions"}],"predecessor-version":[{"id":4043,"href":"https:\/\/secuderm.com\/en\/wp-json\/wp\/v2\/pages\/2897\/revisions\/4043"}],"wp:attachment":[{"href":"https:\/\/secuderm.com\/en\/wp-json\/wp\/v2\/media?parent=2897"}],"curies":[{"name":"wp","href":"https:\/\/api.w.org\/{rel}","templated":true}]}}