{"id":2900,"date":"2016-10-15T06:06:57","date_gmt":"2016-10-15T04:06:57","guid":{"rendered":"https:\/\/secuderm.com\/en\/mentions-legales\/"},"modified":"2024-02-29T16:25:12","modified_gmt":"2024-02-29T15:25:12","slug":"mentions-legales","status":"publish","type":"page","link":"https:\/\/secuderm.com\/en\/mentions-legales\/","title":{"rendered":"Mentions l\u00e9gales"},"content":{"rendered":"<p><section id=\"bt_section69e1c7318f48e\"  class=\"boldSection topSpaced bottomSmallSpaced gutter inherit\" style=\"background-color:#e5e5e5;\"><div class=\"port\"><div class=\"boldCell\"><div class=\"boldCellInner\"><div class=\"boldRow \" ><div class=\"boldRowInner\"><div class=\"rowItem col-md-12 col-ms-12  btTextLeft inherit\"  data-width=\"12\"><div class=\"rowItemContent\" ><header class=\"header btClear large btDash dotsDash\" ><div class=\"dash\"><h2><span class=\"headline\">Mentions l\u00e9gales<\/span><\/h2><\/div><\/header><\/div><\/div><\/div><\/div><\/div><\/div><\/div><\/section><section id=\"bt_section69e1c7318f672\"  class=\"boldSection topMediumSpaced bottomSpaced gutter inherit\" ><div class=\"port\"><div class=\"boldCell\"><div class=\"boldCellInner\"><div class=\"boldRow \" ><div class=\"boldRowInner\"><div class=\"rowItem btLeftBorder col-md-8 col-ms-12 btTextLeft inherit\"  data-width=\"8\"><div class=\"rowItemContent\" ><div class=\"btText\" ><\/p>\n<p style=\"text-align: justify;\">Ce site est \u00e9dit\u00e9 par <strong>Sarl Douchossec &#8211; Secuderm<\/strong> :<\/p>\n<ul style=\"text-align: justify;\">\n<li>Si\u00e8ge social:\u00a0 2 Rue Severin Icard &#8211; 13260 Cassis<\/li>\n<li>Num\u00e9ro de t\u00e9l\u00e9phone: 06 28 810 840<\/li>\n<li>Num\u00e9ro d&#8217;inscription au registre du commerce et des soci\u00e9t\u00e9s : 484 753 702<\/li>\n<\/ul>\n<p style=\"text-align: justify;\">Directeur de la publication: Eric GILLI<\/p>\n<p style=\"text-align: justify;\">Ce site est h\u00e9berg\u00e9 par\u2028 la soci\u00e9t\u00e9 <strong>OVH<\/strong> :<\/p>\n<ul style=\"text-align: justify;\">\n<li>SAS au capital de 10 069 020 \u20ac<\/li>\n<li>RCS Lille M\u00e9tropole 424 761 419 00045<\/li>\n<li>Si\u00e8ge social : 2 rue Kellermann &#8211; 59100 Roubaix &#8211; France<\/li>\n<\/ul>\n<p style=\"text-align: justify;\"><strong>Respect des droits d\u2019auteur\u2028<\/strong> :<\/p>\n<p style=\"text-align: justify;\">Le pr\u00e9sent site constitue une \u0153uvre prot\u00e9g\u00e9e par le droit d\u2019auteur en vigueur en France.\u2028Par ailleurs, sauf mention contraire, les droits de propri\u00e9t\u00e9 intellectuelle sur les documents contenus dans le site (textes, photographies, images etc.) et chacun des \u00e9l\u00e9ments cr\u00e9\u00e9s pour ce site sont la propri\u00e9t\u00e9 exclusive de Secuderm. L&#8217;utilisation ou la reproduction de tous \u00e9l\u00e9ments publi\u00e9s sur le site Secuderm.com est express\u00e9ment interdite (art. 122.4 du code de la propri\u00e9t\u00e9 intellectuelle).\u2028Le logo Secuderm est une marque d\u00e9pos\u00e9e aupr\u00e8s de l&#8217;I.N.P.I et \u00e0 ce titre prot\u00e9g\u00e9e par la loi.<\/p>\n<p style=\"text-align: justify;\"><strong>Respect de la vie priv\u00e9e et des donn\u00e9es personnelles<\/strong>\u2028 :<\/p>\n<p style=\"text-align: justify;\">Vous disposez d&#8217;un droit d&#8217;acc\u00e8s, de modification, de rectification et de suppression des donn\u00e9es qui vous concernent (art.34 de la loi &#8220;Informatique et Libert\u00e9s&#8221; n\u00ba 78-17 du 16 janvier 1978).\u2028Pour l&#8217;exercer, adressez-vous \u00e0 : Secuderm\u2028Par &#8220;donn\u00e9es personnelles&#8221;, il faut entendre toutes informations qui permettent d&#8217;identifier une personne. Il s&#8217;agira le plus souvent d&#8217;un nom, d&#8217;une adresse, d&#8217;un num\u00e9ro de t\u00e9l\u00e9phone ou d&#8217;une adresse \u00e9lectronique.<\/p>\n<p>\n<\/div><\/div><\/div><div class=\"rowItem col-md-4 col-ms-12 btTextCenter inherit\"  data-width=\"4\"><div class=\"rowItemContent\" ><div class=\"btText\" ><\/p>\n<p><iframe loading=\"lazy\" style=\"border: none; overflow: hidden;\" src=\"https:\/\/www.facebook.com\/plugins\/page.php?href=https%3A%2F%2Fwww.facebook.com%2FSecuderm-183514858354755%2F&amp;tabs=timeline&amp;width=340&amp;height=800&amp;small_header=false&amp;adapt_container_width=true&amp;hide_cover=false&amp;show_facepile=true&amp;appId=1377896932442588\" width=\"340\" height=\"800\" frameborder=\"0\" scrolling=\"no\"><\/iframe><\/p>\n<p>\n<\/div><\/div><\/div><\/div><\/div><\/div><\/div><\/div><\/section><\/p>\n","protected":false},"excerpt":{"rendered":"","protected":false},"author":3,"featured_media":0,"parent":0,"menu_order":0,"comment_status":"closed","ping_status":"closed","template":"","meta":{"footnotes":""},"class_list":["post-2900","page","type-page","status-publish","hentry"],"yoast_head":"<!-- This site is optimized with the Yoast SEO plugin v26.1.1 - https:\/\/yoast.com\/wordpress\/plugins\/seo\/ -->\n<title>Mentions l\u00e9gales de SECUDERM - Conception pansement \u00e9tanche<\/title>\n<meta name=\"description\" content=\"Mentions l\u00e9gales de Secuderm, soci\u00e9t\u00e9 sp\u00e9cialis\u00e9e dans la conception de protection de pansement et plaie 100% \u00e9tanche et respirante pour douche et bain.\" \/>\n<meta name=\"robots\" content=\"index, follow, max-snippet:-1, max-image-preview:large, max-video-preview:-1\" \/>\n<link rel=\"canonical\" href=\"https:\/\/secuderm.com\/en\/mentions-legales\/\" \/>\n<meta property=\"og:locale\" content=\"en_US\" \/>\n<meta property=\"og:type\" content=\"article\" \/>\n<meta property=\"og:title\" content=\"Mentions l\u00e9gales de SECUDERM - Conception pansement \u00e9tanche\" \/>\n<meta property=\"og:description\" content=\"Mentions l\u00e9gales de Secuderm, soci\u00e9t\u00e9 sp\u00e9cialis\u00e9e dans la conception de protection de pansement et plaie 100% \u00e9tanche et respirante pour douche et bain.\" \/>\n<meta property=\"og:url\" content=\"https:\/\/secuderm.com\/en\/mentions-legales\/\" \/>\n<meta property=\"og:site_name\" content=\"Secuderm\" \/>\n<meta property=\"article:publisher\" content=\"https:\/\/www.facebook.com\/Secuderm-183514858354755\/\" \/>\n<meta property=\"article:modified_time\" content=\"2024-02-29T15:25:12+00:00\" \/>\n<meta name=\"twitter:card\" content=\"summary_large_image\" \/>\n<meta name=\"twitter:label1\" content=\"Est. reading time\" \/>\n\t<meta name=\"twitter:data1\" content=\"3 minutes\" \/>\n<script type=\"application\/ld+json\" class=\"yoast-schema-graph\">{\"@context\":\"https:\/\/schema.org\",\"@graph\":[{\"@type\":\"WebPage\",\"@id\":\"https:\/\/secuderm.com\/en\/mentions-legales\/\",\"url\":\"https:\/\/secuderm.com\/en\/mentions-legales\/\",\"name\":\"Mentions l\u00e9gales de SECUDERM - Conception pansement \u00e9tanche\",\"isPartOf\":{\"@id\":\"https:\/\/secuderm.com\/#website\"},\"datePublished\":\"2016-10-15T04:06:57+00:00\",\"dateModified\":\"2024-02-29T15:25:12+00:00\",\"description\":\"Mentions l\u00e9gales de Secuderm, soci\u00e9t\u00e9 sp\u00e9cialis\u00e9e dans la conception de protection de pansement et plaie 100% \u00e9tanche et respirante pour douche et bain.\",\"breadcrumb\":{\"@id\":\"https:\/\/secuderm.com\/en\/mentions-legales\/#breadcrumb\"},\"inLanguage\":\"en-US\",\"potentialAction\":[{\"@type\":\"ReadAction\",\"target\":[\"https:\/\/secuderm.com\/en\/mentions-legales\/\"]}]},{\"@type\":\"BreadcrumbList\",\"@id\":\"https:\/\/secuderm.com\/en\/mentions-legales\/#breadcrumb\",\"itemListElement\":[{\"@type\":\"ListItem\",\"position\":1,\"name\":\"Home\",\"item\":\"https:\/\/secuderm.com\/en\/\"},{\"@type\":\"ListItem\",\"position\":2,\"name\":\"Mentions l\u00e9gales\"}]},{\"@type\":\"WebSite\",\"@id\":\"https:\/\/secuderm.com\/#website\",\"url\":\"https:\/\/secuderm.com\/\",\"name\":\"Secuderm\",\"description\":\"Votre protection 100% \u00e9tanche!\",\"potentialAction\":[{\"@type\":\"SearchAction\",\"target\":{\"@type\":\"EntryPoint\",\"urlTemplate\":\"https:\/\/secuderm.com\/?s={search_term_string}\"},\"query-input\":{\"@type\":\"PropertyValueSpecification\",\"valueRequired\":true,\"valueName\":\"search_term_string\"}}],\"inLanguage\":\"en-US\"}]}<\/script>\n<!-- \/ Yoast SEO plugin. -->","yoast_head_json":{"title":"Mentions l\u00e9gales de SECUDERM - Conception pansement \u00e9tanche","description":"Mentions l\u00e9gales de Secuderm, soci\u00e9t\u00e9 sp\u00e9cialis\u00e9e dans la conception de protection de pansement et plaie 100% \u00e9tanche et respirante pour douche et bain.","robots":{"index":"index","follow":"follow","max-snippet":"max-snippet:-1","max-image-preview":"max-image-preview:large","max-video-preview":"max-video-preview:-1"},"canonical":"https:\/\/secuderm.com\/en\/mentions-legales\/","og_locale":"en_US","og_type":"article","og_title":"Mentions l\u00e9gales de SECUDERM - Conception pansement \u00e9tanche","og_description":"Mentions l\u00e9gales de Secuderm, soci\u00e9t\u00e9 sp\u00e9cialis\u00e9e dans la conception de protection de pansement et plaie 100% \u00e9tanche et respirante pour douche et bain.","og_url":"https:\/\/secuderm.com\/en\/mentions-legales\/","og_site_name":"Secuderm","article_publisher":"https:\/\/www.facebook.com\/Secuderm-183514858354755\/","article_modified_time":"2024-02-29T15:25:12+00:00","twitter_card":"summary_large_image","twitter_misc":{"Est. reading time":"3 minutes"},"schema":{"@context":"https:\/\/schema.org","@graph":[{"@type":"WebPage","@id":"https:\/\/secuderm.com\/en\/mentions-legales\/","url":"https:\/\/secuderm.com\/en\/mentions-legales\/","name":"Mentions l\u00e9gales de SECUDERM - Conception pansement \u00e9tanche","isPartOf":{"@id":"https:\/\/secuderm.com\/#website"},"datePublished":"2016-10-15T04:06:57+00:00","dateModified":"2024-02-29T15:25:12+00:00","description":"Mentions l\u00e9gales de Secuderm, soci\u00e9t\u00e9 sp\u00e9cialis\u00e9e dans la conception de protection de pansement et plaie 100% \u00e9tanche et respirante pour douche et bain.","breadcrumb":{"@id":"https:\/\/secuderm.com\/en\/mentions-legales\/#breadcrumb"},"inLanguage":"en-US","potentialAction":[{"@type":"ReadAction","target":["https:\/\/secuderm.com\/en\/mentions-legales\/"]}]},{"@type":"BreadcrumbList","@id":"https:\/\/secuderm.com\/en\/mentions-legales\/#breadcrumb","itemListElement":[{"@type":"ListItem","position":1,"name":"Home","item":"https:\/\/secuderm.com\/en\/"},{"@type":"ListItem","position":2,"name":"Mentions l\u00e9gales"}]},{"@type":"WebSite","@id":"https:\/\/secuderm.com\/#website","url":"https:\/\/secuderm.com\/","name":"Secuderm","description":"Votre protection 100% \u00e9tanche!","potentialAction":[{"@type":"SearchAction","target":{"@type":"EntryPoint","urlTemplate":"https:\/\/secuderm.com\/?s={search_term_string}"},"query-input":{"@type":"PropertyValueSpecification","valueRequired":true,"valueName":"search_term_string"}}],"inLanguage":"en-US"}]}},"_links":{"self":[{"href":"https:\/\/secuderm.com\/en\/wp-json\/wp\/v2\/pages\/2900","targetHints":{"allow":["GET"]}}],"collection":[{"href":"https:\/\/secuderm.com\/en\/wp-json\/wp\/v2\/pages"}],"about":[{"href":"https:\/\/secuderm.com\/en\/wp-json\/wp\/v2\/types\/page"}],"author":[{"embeddable":true,"href":"https:\/\/secuderm.com\/en\/wp-json\/wp\/v2\/users\/3"}],"replies":[{"embeddable":true,"href":"https:\/\/secuderm.com\/en\/wp-json\/wp\/v2\/comments?post=2900"}],"version-history":[{"count":3,"href":"https:\/\/secuderm.com\/en\/wp-json\/wp\/v2\/pages\/2900\/revisions"}],"predecessor-version":[{"id":31626,"href":"https:\/\/secuderm.com\/en\/wp-json\/wp\/v2\/pages\/2900\/revisions\/31626"}],"wp:attachment":[{"href":"https:\/\/secuderm.com\/en\/wp-json\/wp\/v2\/media?parent=2900"}],"curies":[{"name":"wp","href":"https:\/\/api.w.org\/{rel}","templated":true}]}}