{"id":2901,"date":"2016-10-15T06:10:13","date_gmt":"2016-10-15T04:10:13","guid":{"rendered":"https:\/\/secuderm.com\/en\/conditions-generales-de-vente\/"},"modified":"2024-02-29T16:29:30","modified_gmt":"2024-02-29T15:29:30","slug":"conditions-generales-de-vente","status":"publish","type":"page","link":"https:\/\/secuderm.com\/en\/conditions-generales-de-vente\/","title":{"rendered":"Conditions g\u00e9n\u00e9rales de vente"},"content":{"rendered":"<p><section id=\"bt_section69e2562fdeb7a\"  class=\"boldSection topSpaced bottomSmallSpaced gutter inherit\" style=\"background-color:#e5e5e5;\"><div class=\"port\"><div class=\"boldCell\"><div class=\"boldCellInner\"><div class=\"boldRow \" ><div class=\"boldRowInner\"><div class=\"rowItem col-md-12 col-ms-12  btTextLeft inherit\"  data-width=\"12\"><div class=\"rowItemContent\" ><header class=\"header btClear large btDash dotsDash\" ><div class=\"dash\"><h2><span class=\"headline\">Conditions g\u00e9n\u00e9rales de vente<\/span><\/h2><\/div><\/header><\/div><\/div><\/div><\/div><\/div><\/div><\/div><\/section><section id=\"bt_section69e2562fdee68\"  class=\"boldSection topMediumSpaced bottomMediumSpaced gutter inherit\" ><div class=\"port\"><div class=\"boldCell\"><div class=\"boldCellInner\"><div class=\"boldRow \" ><div class=\"boldRowInner\"><div class=\"rowItem btLeftBorder col-md-8 col-ms-12 btTextLeft inherit\"  data-width=\"8\"><div class=\"rowItemContent\" ><div class=\"btText\" ><\/p>\n<p style=\"text-align: justify;\"><strong>Article 1 &#8211; Opposabilit\u00e9 des CGV<\/strong><\/p>\n<p style=\"text-align: justify;\">Les CGV de vente r\u00e9gissent tous les contrats de vente conclus entre Secuderm et ses clients. En cons\u00e9quence, sauf convention \u00e9crite de notre part, toute commande emporte de plein droit l\u2019adh\u00e9sion sans r\u00e9serve de l\u2019acheteur \u00e0 nos conditions g\u00e9n\u00e9rales de vente et sa renonciation \u00e0 toutes les stipulations qui pourraient \u00eatre sp\u00e9cifi\u00e9es sur ses commandes ou sa correspondance.<\/p>\n<p style=\"text-align: justify;\"><strong>Article 2 &#8211; Tarifs<\/strong><\/p>\n<p style=\"text-align: justify;\">Les tarifs appliqu\u00e9s sont les tarifs en vigueur au moment de la livraison. Les tarifs annonc\u00e9s sur devis ne sont valables que pour la dur\u00e9e qui y est pr\u00e9cis\u00e9e. Tous nos prix s\u2019entendent hors taxe avec TVA au taux en vigueur (nous nous r\u00e9servons le droit de r\u00e9percuter, sans pr\u00e9avis les modifications du taux de TVA) frais de port en sus. Secuderm se r\u00e9serve le droit de r\u00e9percuter, sans pr\u00e9avis, sur le prix des produits, toutes variations importantes du cours des devises ou des co\u00fbts d\u2019approvisionnement des mati\u00e8res de base..<\/p>\n<p style=\"text-align: justify;\"><strong>Article 3 &#8211; Commandes<\/strong><\/p>\n<p style=\"text-align: justify;\">Les commandes sont pass\u00e9es par Internet ou par courrier. Les conditions g\u00e9n\u00e9rales de ventes s\u2019appliquent \u00e0 toutes les ventes. En passant commande, le client accepte sans r\u00e9serve les pr\u00e9sentes conditions.<\/p>\n<p style=\"text-align: justify;\">Les syst\u00e8mes d\u2019enregistrement automatique sont consid\u00e9r\u00e9s comme valant preuve de l&#8217;int\u00e9gralit\u00e9 de la dite commande conform\u00e9ment aux dispositions de la loi du 13 mars 2000 et vaudront exigibilit\u00e9 des sommes engag\u00e9es par la saisie des articles figurant sur le bon de commande. Cette validation vaut signature et acceptation expresse de toutes les op\u00e9rations effectu\u00e9es sur le site.<\/p>\n<p style=\"text-align: justify;\">Apr\u00e8s avoir enregistr\u00e9 sa commande sur Internet, le client recevra un email de confirmation. Le renseignement du compte client est donc indispensable pour le traitement de la commande et l\u2019acheminement des produits achet\u00e9s.<\/p>\n<p style=\"text-align: justify;\">Secuderm se r\u00e9serve le droit d\u2019annuler toute commande d\u2019un client avec lequel existerait un litige relatif au paiement d\u2019un achat ant\u00e9rieur. Les informations \u00e9nonc\u00e9es par l\u2019acheteur lors de la prise de commande engagent celui ci. En cas d\u2019erreur dans le libell\u00e9 des coordonn\u00e9es du destinataire, Secuderm ne saurait \u00eatre tenu responsable de l\u2019impossibilit\u00e9 dans laquelle il pourrait \u00eatre de livrer le produit.<\/p>\n<p style=\"text-align: justify;\"><strong>Article 4 &#8211; Paiement et d\u00e9lais de r\u00e9tractation<\/strong><\/p>\n<p style=\"text-align: justify;\">Le prix des produits est payable au comptant, le jour de la commande effective par paiement Paypal ou par ch\u00e8que \u00e0 envoyer \u00e0 : Secuderm, 280 avenue des Templiers 13400 Aubagne. Le paiement est fait en monnaie fran\u00e7aise. Le paiement en ligne vous permet de r\u00e9gler via un serveur bancaire Paypal dans un environnement s\u00e9curis\u00e9. La commande valid\u00e9e par le client ne sera consid\u00e9r\u00e9e effective que lorsque les centres de paiement bancaire concern\u00e9s auront donn\u00e9 leur accord. En cas de refus des dits centres, le client sera pr\u00e9venu par Secuderm et se verra proposer le paiement par ch\u00e8que.<\/p>\n<p style=\"text-align: justify;\">Le consommateur dispose d&#8217;un d\u00e9lai de sept jours francs pour exercer son droit de r\u00e9tractation sans avoir \u00e0 justifier de motifs ni \u00e0 payer de p\u00e9nalit\u00e9s, \u00e0 l&#8217;exception, le cas \u00e9ch\u00e9ant, des frais de retour.<\/p>\n<p style=\"text-align: justify;\"><strong>Article 5 &#8211; Frais de Port, d\u00e9lais et livraisons<\/strong><\/p>\n<p style=\"text-align: justify;\">Les frais de port sont offerts \u00e0 partir de 3 Kits Secuderm achet\u00e9s. Toute livraison effectu\u00e9e en France m\u00e9tropolitaine au del\u00e0 de ce montant est gratuite. Pour le reste du monde ou les Dom-Tom, notre conseill\u00e8re pourra vous informer des conditions tarifaires sur simple demande.<\/p>\n<p style=\"text-align: justify;\">L\u2019exp\u00e9dition des colis sera g\u00e9n\u00e9ralement effectu\u00e9e par la Poste, avec suivi de commande durant les jours ouvrables. Le d\u00e9lai moyen de la livraison s\u2019effectue entre 48h et 72h, pour des produits disponibles en stock. En cas d\u2019indisponibilit\u00e9, la p\u00e9riode d\u2019acheminement vous sera fix\u00e9e par Secuderm qui prendra contact avec vous. Les d\u00e9lais de livraison sont mentionn\u00e9s \u00e0 titre indicatif. La soci\u00e9t\u00e9 Secuderm ne saurait \u00eatre responsable d\u2019un retard. De la m\u00eame mani\u00e8re, Secuderm ne pourra garantir une heure de livraison ou un contact t\u00e9l\u00e9phonique du livreur au client, avant son passage. Il est donc possible, en cas d\u2019absence, que le client soit amen\u00e9 \u00e0 r\u00e9cup\u00e9rer son colis \u00e0 la poste.<\/p>\n<p style=\"text-align: justify;\">Vous devez, \u00e0 la r\u00e9ception des marchandises, contr\u00f4ler la qualit\u00e9. Dans le cas de manquants, d\u00e9chirures, avarie, etc.\u2026vous devez \u00e9mettre sur le document du transporteur ou \u00e0 d\u00e9faut aupr\u00e8s de Secuderm.com, des r\u00e9serves d\u00e9taill\u00e9es et concises et les confirmer ensuite dans un d\u00e9lai de 24 heures au transporteur par Lettre Recommand\u00e9e ou \u00e0 d\u00e9faut \u00e0 Secuderm. (Art. 105 du Code du Commerce). Secuderm se r\u00e9servant le droit de changer de transporteur quand il le d\u00e9sire.<\/p>\n<p style=\"text-align: justify;\">Emballage : en l\u2019absence d\u2019indications sp\u00e9ciales \u00e0 ce sujet, l\u2019emballage est pr\u00e9par\u00e9 par le fournisseur au mieux des int\u00e9r\u00eats du client<\/p>\n<p style=\"text-align: justify;\"><strong>Article 6 &#8211; R\u00e9serve de Propri\u00e9t\u00e9<\/strong><\/p>\n<p style=\"text-align: justify;\">Les produits restent la pleine et enti\u00e8re propri\u00e9t\u00e9 de Secuderm jusqu\u2019au paiement de leur prix. Dans tous les cas o\u00f9 Secuderm serait amen\u00e9 \u00e0 faire jouer la r\u00e9serve de propri\u00e9t\u00e9, les acomptes re\u00e7us resterons acquis d\u00e9finitivement.<\/p>\n<p style=\"text-align: justify;\"><strong>Article 7 &#8211; Disponibilit\u00e9 des Produits<\/strong><\/p>\n<p style=\"text-align: justify;\">Les produits propos\u00e9s \u00e0 la vente sont disponibles jusqu\u2019\u00e0 \u00e9puisement du stock. En cas d\u2019indisponibilit\u00e9 d\u2019un produit, le client en sera inform\u00e9 dans les meilleurs d\u00e9lais, par email, t\u00e9l\u00e9phone ou courrier.<\/p>\n<p style=\"text-align: justify;\"><strong>Article 8 &#8211; Annulation de commande, retour des produits<\/strong><\/p>\n<p style=\"text-align: justify;\">Conform\u00e9ment aux dispositions de l&#8217;article L 121-20 du Code de la Consommation, vous b\u00e9n\u00e9ficiez de 7 jours, pour nous retourner un produit qui ne vous satisfait pas. Vous pouvez dans ce d\u00e9lai retourner ce produit, \u00e0 vos frais, accompagn\u00e9 de votre facture. Seuls seront accept\u00e9s les produits en \u00e9tat neuf et complet (munis de leurs accessoires, notices&#8230;) et avec leur emballage intact. Pour cela, contactez-nous pour obtenir un num\u00e9ro de retour, indispensable \u00e0 l&#8217;acceptation de votre colis en entrep\u00f4t. Les retours ne dispenseront pas de l\u2019obligation de payer les factures \u00e0 \u00e9ch\u00e9ance. Il ne sera proc\u00e9d\u00e9 \u00e0 aucun \u00e9change pass\u00e9 apr\u00e8s un d\u00e9lai de 15 jours apr\u00e8s r\u00e9ception des marchandises<\/p>\n<p style=\"text-align: justify;\"><strong>Article 9 &#8211; Garantie et R\u00e9clamation<\/strong><\/p>\n<p style=\"text-align: justify;\">En cas de difficult\u00e9 dans l\u2019application du pr\u00e9sent contrat, le client a la possibilit\u00e9, avant toute action en justice, de rechercher une solution \u00e0 l\u2019amiable. Les r\u00e9clamations ou contestations seront toujours re\u00e7ues avec bienveillance attentive, la bonne foi \u00e9tant toujours pr\u00e9sum\u00e9e chez celui qui prend la peine d\u2019exposer ses situations.<\/p>\n<p style=\"text-align: justify;\">Toute r\u00e9clamation devra parvenir sous 15 jours au Service Web de Secuderm, 280 Avenue des Templiers 13400 Aubagne. Pass\u00e9 ce d\u00e9lai, les r\u00e9clamations pourraient \u00eatre consid\u00e9r\u00e9es comme irrecevables.<\/p>\n<p style=\"text-align: justify;\"><strong>Article 10 &#8211; Relation Clients<\/strong><\/p>\n<p style=\"text-align: justify;\">Pour toute information, le client peut s\u2019adresser au Service Clients de Secuderm, du lundi au vendredi, de 8h30 \u00e0 12h00 et de 14h00 \u00e0 17h00 &#8211; 280 avenue des Templiers 13400 Aubagne \u2013 06 28 810 840.<\/p>\n<p style=\"text-align: justify;\"><strong>Article 11 &#8211; Attribution Juridique<\/strong><\/p>\n<p style=\"text-align: justify;\">En cas de litige, \u00e0 d\u00e9faut d\u2019accord \u00e0 l\u2019amiable, il est de convention expresse que tous les litiges seront de la comp\u00e9tence des tribunaux du ressort du si\u00e8ge social de Secuderm, et cela m\u00eame, en cas de d\u2019appel en garantie ou de pluralit\u00e9 des d\u00e9fenseurs.<\/p>\n<p>\n<\/div><\/div><\/div><div class=\"rowItem col-md-4 col-ms-12 btTextCenter inherit\"  data-width=\"4\"><div class=\"rowItemContent\" ><div class=\"boldRow \" ><div class=\"boldRowInner\"><div class=\"rowItem rowInnerItem col-sm-3  btTextCenter inherit\"  ><div class=\"rowItemContent\" ><div class=\"btIconImageRow\" ><span class=\"btIco btIcoDefaultType btIcoMediumSize btIcoAccentColor btIcoOutline\"><span  data-ico-cs=\"&#xe964;\" class=\"btIcoHolder\"><\/span><\/span><\/div><\/div><\/div><div class=\"rowItem rowInnerItem col-sm-9  btTextLeft inherit\"  ><div class=\"rowItemContent\" ><header class=\"header btClear medium\" ><div class=\"dash\"><h3><span class=\"headline\"><b class=\"animate\">04 42 84 78 59<\/b><\/span><\/h3><\/div><\/header><\/div><\/div><\/div><\/div><div class=\"btClear btSeparator topSmallSpaced bottomSmallSpaced border\" ><hr><\/div><div class=\"boldRow \" ><div class=\"boldRowInner\"><div class=\"rowItem rowInnerItem col-sm-3  btTextCenter inherit\"  ><div class=\"rowItemContent\" ><div class=\"btIconImageRow\" ><span class=\"btIco btIcoDefaultType btIcoSmallSize btIcoAccentColor btIcoOutline\"><span  data-ico-cs=\"&#xe928;\" class=\"btIcoHolder\"><\/span><\/span><\/div><\/div><\/div><div class=\"rowItem rowInnerItem col-sm-9  btTextLeft\"  ><div class=\"rowItemContent\" ><div class=\"btText\" ><\/p>\n<p style=\"text-align: left;\">Secuderm<br \/>\nAvenue Roger Salengro<br \/>\n13400 Aubagne<\/p>\n<p>\n<\/div><\/div><\/div><\/div><\/div><div class=\"btClear btSeparator topSmallSpaced bottomSmallSpaced border\" ><hr><\/div><div class=\"btText\" ><\/p>\n<p style=\"text-align: center;\"><iframe loading=\"lazy\" style=\"border: none; overflow: hidden;\" src=\"https:\/\/www.facebook.com\/plugins\/page.php?href=https%3A%2F%2Fwww.facebook.com%2FSecuderm-183514858354755%2F&amp;tabs=timeline&amp;width=340&amp;height=800&amp;small_header=false&amp;adapt_container_width=true&amp;hide_cover=false&amp;show_facepile=true&amp;appId=1377896932442588\" width=\"340\" height=\"800\" frameborder=\"0\" scrolling=\"no\"><\/iframe><\/p>\n<p>\n<\/div><\/div><\/div><\/div><\/div><\/div><\/div><\/div><\/section><\/p>\n","protected":false},"excerpt":{"rendered":"","protected":false},"author":3,"featured_media":0,"parent":0,"menu_order":0,"comment_status":"closed","ping_status":"closed","template":"","meta":{"footnotes":""},"class_list":["post-2901","page","type-page","status-publish","hentry"],"yoast_head":"<!-- This site is optimized with the Yoast SEO plugin v26.1.1 - https:\/\/yoast.com\/wordpress\/plugins\/seo\/ -->\n<title>Conditions g\u00e9n\u00e9rales de vente de Secuderm - pansements \u00e9tanches<\/title>\n<meta name=\"robots\" content=\"index, follow, max-snippet:-1, max-image-preview:large, max-video-preview:-1\" \/>\n<link rel=\"canonical\" href=\"https:\/\/secuderm.com\/en\/conditions-generales-de-vente\/\" \/>\n<meta property=\"og:locale\" content=\"en_US\" \/>\n<meta property=\"og:type\" content=\"article\" \/>\n<meta property=\"og:title\" content=\"Conditions g\u00e9n\u00e9rales de vente de Secuderm - pansements \u00e9tanches\" \/>\n<meta property=\"og:url\" content=\"https:\/\/secuderm.com\/en\/conditions-generales-de-vente\/\" \/>\n<meta property=\"og:site_name\" content=\"Secuderm\" \/>\n<meta property=\"article:publisher\" content=\"https:\/\/www.facebook.com\/Secuderm-183514858354755\/\" \/>\n<meta property=\"article:modified_time\" content=\"2024-02-29T15:29:30+00:00\" \/>\n<meta name=\"twitter:card\" content=\"summary_large_image\" \/>\n<meta name=\"twitter:label1\" content=\"Est. reading time\" \/>\n\t<meta name=\"twitter:data1\" content=\"9 minutes\" \/>\n<script type=\"application\/ld+json\" class=\"yoast-schema-graph\">{\"@context\":\"https:\/\/schema.org\",\"@graph\":[{\"@type\":\"WebPage\",\"@id\":\"https:\/\/secuderm.com\/en\/conditions-generales-de-vente\/\",\"url\":\"https:\/\/secuderm.com\/en\/conditions-generales-de-vente\/\",\"name\":\"Conditions g\u00e9n\u00e9rales de vente de Secuderm - pansements \u00e9tanches\",\"isPartOf\":{\"@id\":\"https:\/\/secuderm.com\/#website\"},\"datePublished\":\"2016-10-15T04:10:13+00:00\",\"dateModified\":\"2024-02-29T15:29:30+00:00\",\"breadcrumb\":{\"@id\":\"https:\/\/secuderm.com\/en\/conditions-generales-de-vente\/#breadcrumb\"},\"inLanguage\":\"en-US\",\"potentialAction\":[{\"@type\":\"ReadAction\",\"target\":[\"https:\/\/secuderm.com\/en\/conditions-generales-de-vente\/\"]}]},{\"@type\":\"BreadcrumbList\",\"@id\":\"https:\/\/secuderm.com\/en\/conditions-generales-de-vente\/#breadcrumb\",\"itemListElement\":[{\"@type\":\"ListItem\",\"position\":1,\"name\":\"Home\",\"item\":\"https:\/\/secuderm.com\/en\/\"},{\"@type\":\"ListItem\",\"position\":2,\"name\":\"Conditions g\u00e9n\u00e9rales de vente\"}]},{\"@type\":\"WebSite\",\"@id\":\"https:\/\/secuderm.com\/#website\",\"url\":\"https:\/\/secuderm.com\/\",\"name\":\"Secuderm\",\"description\":\"Votre protection 100% \u00e9tanche!\",\"potentialAction\":[{\"@type\":\"SearchAction\",\"target\":{\"@type\":\"EntryPoint\",\"urlTemplate\":\"https:\/\/secuderm.com\/?s={search_term_string}\"},\"query-input\":{\"@type\":\"PropertyValueSpecification\",\"valueRequired\":true,\"valueName\":\"search_term_string\"}}],\"inLanguage\":\"en-US\"}]}<\/script>\n<!-- \/ Yoast SEO plugin. -->","yoast_head_json":{"title":"Conditions g\u00e9n\u00e9rales de vente de Secuderm - pansements \u00e9tanches","robots":{"index":"index","follow":"follow","max-snippet":"max-snippet:-1","max-image-preview":"max-image-preview:large","max-video-preview":"max-video-preview:-1"},"canonical":"https:\/\/secuderm.com\/en\/conditions-generales-de-vente\/","og_locale":"en_US","og_type":"article","og_title":"Conditions g\u00e9n\u00e9rales de vente de Secuderm - pansements \u00e9tanches","og_url":"https:\/\/secuderm.com\/en\/conditions-generales-de-vente\/","og_site_name":"Secuderm","article_publisher":"https:\/\/www.facebook.com\/Secuderm-183514858354755\/","article_modified_time":"2024-02-29T15:29:30+00:00","twitter_card":"summary_large_image","twitter_misc":{"Est. reading time":"9 minutes"},"schema":{"@context":"https:\/\/schema.org","@graph":[{"@type":"WebPage","@id":"https:\/\/secuderm.com\/en\/conditions-generales-de-vente\/","url":"https:\/\/secuderm.com\/en\/conditions-generales-de-vente\/","name":"Conditions g\u00e9n\u00e9rales de vente de Secuderm - pansements \u00e9tanches","isPartOf":{"@id":"https:\/\/secuderm.com\/#website"},"datePublished":"2016-10-15T04:10:13+00:00","dateModified":"2024-02-29T15:29:30+00:00","breadcrumb":{"@id":"https:\/\/secuderm.com\/en\/conditions-generales-de-vente\/#breadcrumb"},"inLanguage":"en-US","potentialAction":[{"@type":"ReadAction","target":["https:\/\/secuderm.com\/en\/conditions-generales-de-vente\/"]}]},{"@type":"BreadcrumbList","@id":"https:\/\/secuderm.com\/en\/conditions-generales-de-vente\/#breadcrumb","itemListElement":[{"@type":"ListItem","position":1,"name":"Home","item":"https:\/\/secuderm.com\/en\/"},{"@type":"ListItem","position":2,"name":"Conditions g\u00e9n\u00e9rales de vente"}]},{"@type":"WebSite","@id":"https:\/\/secuderm.com\/#website","url":"https:\/\/secuderm.com\/","name":"Secuderm","description":"Votre protection 100% \u00e9tanche!","potentialAction":[{"@type":"SearchAction","target":{"@type":"EntryPoint","urlTemplate":"https:\/\/secuderm.com\/?s={search_term_string}"},"query-input":{"@type":"PropertyValueSpecification","valueRequired":true,"valueName":"search_term_string"}}],"inLanguage":"en-US"}]}},"_links":{"self":[{"href":"https:\/\/secuderm.com\/en\/wp-json\/wp\/v2\/pages\/2901","targetHints":{"allow":["GET"]}}],"collection":[{"href":"https:\/\/secuderm.com\/en\/wp-json\/wp\/v2\/pages"}],"about":[{"href":"https:\/\/secuderm.com\/en\/wp-json\/wp\/v2\/types\/page"}],"author":[{"embeddable":true,"href":"https:\/\/secuderm.com\/en\/wp-json\/wp\/v2\/users\/3"}],"replies":[{"embeddable":true,"href":"https:\/\/secuderm.com\/en\/wp-json\/wp\/v2\/comments?post=2901"}],"version-history":[{"count":2,"href":"https:\/\/secuderm.com\/en\/wp-json\/wp\/v2\/pages\/2901\/revisions"}],"predecessor-version":[{"id":31628,"href":"https:\/\/secuderm.com\/en\/wp-json\/wp\/v2\/pages\/2901\/revisions\/31628"}],"wp:attachment":[{"href":"https:\/\/secuderm.com\/en\/wp-json\/wp\/v2\/media?parent=2901"}],"curies":[{"name":"wp","href":"https:\/\/api.w.org\/{rel}","templated":true}]}}