{"id":4014,"date":"2017-05-23T00:44:30","date_gmt":"2017-05-22T22:44:30","guid":{"rendered":"https:\/\/secuderm.com\/reseller-account\/wholesaler-login\/"},"modified":"2017-05-23T19:41:03","modified_gmt":"2017-05-23T17:41:03","slug":"wholesaler-login","status":"publish","type":"page","link":"https:\/\/secuderm.com\/en\/reseller-account\/wholesaler-login\/","title":{"rendered":"Wholesalers &#8211; Login"},"content":{"rendered":"<p><section id=\"bt_section69d560f81321c\" data-parallax=\"0.5\" data-parallax-offset=\"0\" class=\"boldSection topLargeSpaced bottomMediumSpaced btDarkSkin gutter btTopVertical btParallax wBackground cover\" style=\"background-image:url('https:\/\/secuderm.com\/wp-content\/uploads\/2016\/11\/header_pro2.jpg');background-size: contain;\"><div class=\"port\"><div class=\"boldCell\"><div class=\"boldCellInner\"><div class=\"boldRow \" ><div class=\"boldRowInner\"><div class=\"rowItem col-md-12 col-ms-12  btTextLeft btMiddleVertical\"  data-width=\"12\"><div class=\"rowItemContent\" ><header class=\"header btClear extralarge\" ><div class=\"dash\"><h1><span class=\"headline\">Wholesale <b class=\"animate\">Access<\/b><\/span><\/h1><\/div><\/header><\/div><\/div><\/div><\/div><\/div><\/div><\/div><\/section><section id=\"bt_section69d560f8133f8\"  class=\"boldSection topSmallSpaced bottomSmallSpaced gutter inherit\" style=\"background-color:#f9f9f9;\"><div class=\"port\"><div class=\"boldCell\"><div class=\"boldCellInner\"><div class=\"boldRow \" ><div class=\"boldRowInner\"><div class=\"rowItem col-md-12 col-ms-12  btTextCenter inherit\"  data-width=\"12\"><div class=\"rowItemContent\" ><div class=\"btClear btSeparator bottomMediumSpaced noBorder\" ><hr><\/div><header class=\"header btClear medium ProTitle\" style=\"text-align:center; color:#001489;\"><div class=\"dash\"><h3><span class=\"headline\">Welcome to our dedicated <b class=\"animate\">health professional area<\/b>.<\/span><\/h3><\/div><\/header><div class=\"btClear btSeparator bottomExtraSmallSpaced noBorder\" ><hr><\/div><div class=\"boldRow \" ><div class=\"boldRowInner\"><div class=\"rowItem rowInnerItem col-sm-6  btTextCenter btTopVertical btDoublePadding animate animate-fadein animate-moveright\" style=\"padding: 10px 15px 5px 10px;border-radius:none;margin-right:10px;\" ><div class=\"rowItemContent\" style=\"background-color: rgba(0, 20, 137, 1);\"><div class=\"btIconImageRow btIconsHalfHoverPosition\" ><span class=\"btIco btIcoFilledType btIcoBigSize btIcoAccentColor btIcoOutline\"><span  data-ico-fa=\"&#xf0f0;\" class=\"btIcoHolder\"><\/span><\/span><\/div><div class=\"btClear btSeparator topSmallSpaced bottomSmallSpaced noBorder\" ><hr><\/div><header class=\"header btClear medium btDash dotsDash\" ><div class=\"dash\"><h3><span class=\"headline\"><b class=\"animate\">Login <\/b><br \/><br>into your Wholesale account.<\/span><\/h3><\/div><\/header><div class=\"btText\" ><div id=\"wwlc-login-form\">\r\n\r\n\t\r\n\t<form name=\"wwlc_loginform\"\r\n\t\t  id=\"wwlc_loginform\"\r\n\t\t  action=\"https:\/\/secuderm.com\/en\/reseller-account\/wholesaler-login\/\"\r\n\t\t  method=\"post\">\r\n\r\n\t\t<p class=\"login-username\">\r\n\t\t\t<label for=\"user_login\">\r\n\t\t\t\tUsername\t\t\t\t<span style=\"color:red\">*<\/span>\r\n\t\t\t<\/label>\r\n\t\t\t<input type=\"text\" name=\"wwlc_username\" id=\"user_login\" class=\"input\" value=\"\" size=\"20\" \/>\r\n\t\t<\/p>\r\n\r\n\t\t<p class=\"login-password\">\r\n\t\t\t<label for=\"user_pass\">Password <span style=\"color:red\">*<\/span><\/label>\r\n\t\t\t<input type=\"password\" name=\"wwlc_password\" id=\"user_pass\" class=\"input\" value=\"\" size=\"20\" \/>\r\n\t\t<\/p>\r\n\r\n\t\t\t\t\t<p class=\"login-remember\">\r\n\t\t\t\t<label>\r\n\t\t\t\t\t<input name=\"rememberme\" type=\"checkbox\" id=\"rememberme\" value=\"forever\" \/>\r\n\t\t\t\t\tRemember Me\t\t\t\t<\/label>\r\n\t\t\t<\/p>\r\n\t\t\r\n\t\t<p class=\"login-submit\">\r\n\t\t\t<input type=\"submit\" name=\"wp-submit\" id=\"wp-submit\" class=\"button-primary\" value=\"Log In\" \/>\r\n\t\t\t<input type=\"hidden\" name=\"redirect_to\" value=\"https:\/\/secuderm.com\/votre-espace-professionnel\/\" \/>\r\n\t\t<\/p>\r\n\r\n\t\t<input type=\"hidden\" id=\"wwlc_login_form_nonce_field\" name=\"wwlc_login_form_nonce_field\" value=\"311c6299f4\" \/><input type=\"hidden\" name=\"_wp_http_referer\" value=\"\/en\/wp-json\/wp\/v2\/pages\/4014\" \/>\t<\/form>\r\n\r\n\t\r\n\t<a class=\"register_link\" href=\"https:\/\/secuderm.com\/votre-espace-professionnel\/enregistrement-compte-professionnel\/\" >Register<\/a>\r\n\t<a class=\"lost_password_link\" href=\"https:\/\/secuderm.com\/en\/shop\/my-account\/lost-password\/\" >Lost Password<\/a>\r\n\r\n<\/div><!--#wwlc-login-form-->\r\n<\/div><\/div><\/div><div class=\"rowItem rowInnerItem col-sm-6  btTextCenter btTopVertical btDoublePadding animate animate-fadein animate-moveleft ConnectRHS\" style=\"padding: 10px 15px 5px 10px;border-radius:none;margin-left:10px;\" ><div class=\"rowItemContent\" style=\"background-color: rgba(255, 105, 0, 1);\"><div class=\"btIconImageRow btIconsHalfHoverPosition\" ><span class=\"btIco btIcoFilledType btIcoBigSize btIcoDefaultColor btIcoOutline\"><span  data-ico-s2=\"&#xe92b;\" class=\"btIcoHolder\"><\/span><\/span><\/div><div class=\"btClear btSeparator topSmallSpaced bottomMediumSpaced noBorder\" ><hr><\/div><header class=\"header btClear medium btDash dotsDash ProConnect\" style=\"color: #001489 !important;\"><div class=\"dash\"><h3><span class=\"headline\"><b class=\"animate\">You don&#8217;t have <\/b><br \/><br>a registered account with us yet ?<\/span><\/h3><\/div><\/header><div class=\"btClear btSeparator topSmallSpaced bottomSmallSpaced noBorder\" ><hr><\/div><a href=\"https:\/\/secuderm.com\/en\/votre-espace-professionnel\/enregistrement-compte-professionnel\/\" class=\"btBtn btBtn btnOutlineStyle btnAccentColor btnBig btnNormalWidth btnLeftPosition btnIco\" style=\"background:#fff;color:#001489;border: 1px solid #001489;\" target=\"_self\"><span class=\"btnInnerText\">REGISTER HERE<\/span><span class=\"btIco \"><span  data-ico-cs=\"&#xe937;\" class=\"btIcoHolder\"><\/span><\/span><\/a><div class=\"btClear btSeparator topSmallSpaced bottomSmallSpaced noBorder\" ><hr><\/div><a href=\"https:\/\/secuderm.com\/en\/contact-coordonnees\/\" class=\"btBtn btBtn btnOutlineStyle btnAccentColor btnBig btnNormalWidth btnLeftPosition btnIco\" style=\"background:#fff;color:#001489;border: 1px solid #001489;\" target=\"_self\"><span class=\"btnInnerText\">CONTACT US<\/span><span class=\"btIco \"><span  data-ico-cs=\"&#xe928;\" class=\"btIcoHolder\"><\/span><\/span><\/a><div class=\"btClear btSeparator topSmallSpaced bottomMediumSpaced noBorder\" ><hr><\/div><\/div><\/div><\/div><\/div><div class=\"btClear btSeparator bottomMediumSpaced noBorder\" ><hr><\/div><div class=\"boldRow \" ><div class=\"boldRowInner\"><div class=\"rowItem rowInnerItem col-sm-6  btTextLeft btTopVertical btDoublePadding\" style=\"margin-right:20px;border:1px Solid #001489;\" ><div class=\"rowItemContent\" ><div class=\"btClear btSeparator topSmallSpaced bottomSmallSpaced noBorder\" ><hr><\/div><div class=\"btText\" ><\/p>\n<ul>\n<li style=\"font-weight: 400;\"><span style=\"font-weight: 400;\">Que vous soyez <\/span><b>m\u00e9decin<\/b><span style=\"font-weight: 400;\">, <\/span><b>infirmier(e) lib\u00e9ral(e)<\/b><span style=\"font-weight: 400;\">, <\/span><b>pharmacien<\/b><span style=\"font-weight: 400;\">, <\/span><b>laboratoire<\/b><span style=\"font-weight: 400;\"> ou <\/span><b>distributeur de dispositifs m\u00e9dicaux<\/b><span style=\"font-weight: 400;\">,<\/span><\/li>\n<li style=\"font-weight: 400;\"><span style=\"font-weight: 400;\">Que vous ayez besoin d\u2019informations,<\/span><\/li>\n<li style=\"font-weight: 400;\"><span style=\"font-weight: 400;\">Que vous souhaitiez distribuer les produits Secuderm,<\/span><\/li>\n<li style=\"font-weight: 400;\"><span style=\"font-weight: 400;\">Que vous souhaitiez faire d\u00e9velopper des Secuderm sur mesure (taille, forme, options diverses\u2026)<\/span><\/li>\n<\/ul>\n<p><strong>Vous trouverez toutes ces informations dans l\u2019espace priv\u00e9 d\u00e9di\u00e9 pour les professionnels de sant\u00e9.<\/strong><\/p>\n<p>\n<\/div><div class=\"btClear btSeparator topSmallSpaced bottomSmallSpaced noBorder\" ><hr><\/div><\/div><\/div><div class=\"rowItem rowInnerItem col-sm-6  btTextLeft btTopVertical btDoublePadding\" style=\"margin-left:20px;border:1px Solid #001489;\" ><div class=\"rowItemContent\" ><div class=\"btClear btSeparator topSmallSpaced bottomSmallSpaced noBorder\" ><hr><\/div><div class=\"btText\" ><\/p>\n<p><strong>Le fonctionnement est simple :<\/strong><\/p>\n<ol>\n<li style=\"font-weight: 400;\"><span style=\"font-weight: 400;\">Vous cr\u00e9ez votre compte (quelques minutes suffisent)<\/span><\/li>\n<li style=\"font-weight: 400;\"><span style=\"font-weight: 400;\">Nous v\u00e9rifions que vous \u00eates bien un professionnel de sant\u00e9<\/span><\/li>\n<li style=\"font-weight: 400;\"><span style=\"font-weight: 400;\">Nous activons votre compte<\/span><\/li>\n<li style=\"font-weight: 400;\"><span style=\"font-weight: 400;\">Vous avez acc\u00e8s \u00e0 votre espace professionnel :<\/span>\n<ol>\n<li style=\"font-weight: 400;\"><span style=\"font-weight: 400;\">Possibilit\u00e9 de commander des produits au tarif pro<\/span><\/li>\n<li style=\"font-weight: 400;\"><span style=\"font-weight: 400;\">Zone t\u00e9l\u00e9chargement (certifications, logos, visuels produits, fiches techniques)<\/span><\/li>\n<\/ol>\n<\/li>\n<\/ol>\n<p><strong>Vous pouvez \u00e9galement nous <a href=\"https:\/\/secuderm.com\/en\/contact\/\">contacter <\/a>directement.<\/strong><\/p>\n<p>\n<\/div><div class=\"btClear btSeparator topSmallSpaced bottomSmallSpaced noBorder\" ><hr><\/div><\/div><\/div><\/div><\/div><\/div><\/div><\/div><\/div><\/div><\/div><\/div><\/section><\/p>\n","protected":false},"excerpt":{"rendered":"","protected":false},"author":1,"featured_media":0,"parent":3815,"menu_order":0,"comment_status":"closed","ping_status":"closed","template":"","meta":{"footnotes":""},"class_list":["post-4014","page","type-page","status-publish","hentry"],"yoast_head":"<!-- This site is optimized with the Yoast SEO plugin v26.1.1 - https:\/\/yoast.com\/wordpress\/plugins\/seo\/ -->\n<title>Wholesalers - Login - Secuderm<\/title>\n<meta name=\"robots\" content=\"index, follow, max-snippet:-1, max-image-preview:large, max-video-preview:-1\" \/>\n<link rel=\"canonical\" href=\"https:\/\/secuderm.com\/en\/reseller-account\/wholesaler-login\/\" \/>\n<meta property=\"og:locale\" content=\"en_US\" \/>\n<meta property=\"og:type\" content=\"article\" \/>\n<meta property=\"og:title\" content=\"Wholesalers - Login - Secuderm\" \/>\n<meta property=\"og:url\" content=\"https:\/\/secuderm.com\/en\/reseller-account\/wholesaler-login\/\" \/>\n<meta property=\"og:site_name\" content=\"Secuderm\" \/>\n<meta property=\"article:publisher\" content=\"https:\/\/www.facebook.com\/Secuderm-183514858354755\/\" \/>\n<meta property=\"article:modified_time\" content=\"2017-05-23T17:41:03+00:00\" \/>\n<meta name=\"twitter:card\" content=\"summary_large_image\" \/>\n<meta name=\"twitter:label1\" content=\"Est. reading time\" \/>\n\t<meta name=\"twitter:data1\" content=\"5 minutes\" \/>\n<script type=\"application\/ld+json\" class=\"yoast-schema-graph\">{\"@context\":\"https:\/\/schema.org\",\"@graph\":[{\"@type\":\"WebPage\",\"@id\":\"https:\/\/secuderm.com\/en\/reseller-account\/wholesaler-login\/\",\"url\":\"https:\/\/secuderm.com\/en\/reseller-account\/wholesaler-login\/\",\"name\":\"Wholesalers - Login - Secuderm\",\"isPartOf\":{\"@id\":\"https:\/\/secuderm.com\/#website\"},\"datePublished\":\"2017-05-22T22:44:30+00:00\",\"dateModified\":\"2017-05-23T17:41:03+00:00\",\"breadcrumb\":{\"@id\":\"https:\/\/secuderm.com\/en\/reseller-account\/wholesaler-login\/#breadcrumb\"},\"inLanguage\":\"en-US\",\"potentialAction\":[{\"@type\":\"ReadAction\",\"target\":[\"https:\/\/secuderm.com\/en\/reseller-account\/wholesaler-login\/\"]}]},{\"@type\":\"BreadcrumbList\",\"@id\":\"https:\/\/secuderm.com\/en\/reseller-account\/wholesaler-login\/#breadcrumb\",\"itemListElement\":[{\"@type\":\"ListItem\",\"position\":1,\"name\":\"Home\",\"item\":\"https:\/\/secuderm.com\/en\/\"},{\"@type\":\"ListItem\",\"position\":2,\"name\":\"Wholesalers \/ Resellers\",\"item\":\"https:\/\/secuderm.com\/en\/reseller-account\/\"},{\"@type\":\"ListItem\",\"position\":3,\"name\":\"Wholesalers &#8211; Login\"}]},{\"@type\":\"WebSite\",\"@id\":\"https:\/\/secuderm.com\/#website\",\"url\":\"https:\/\/secuderm.com\/\",\"name\":\"Secuderm\",\"description\":\"Votre protection 100% \u00e9tanche!\",\"potentialAction\":[{\"@type\":\"SearchAction\",\"target\":{\"@type\":\"EntryPoint\",\"urlTemplate\":\"https:\/\/secuderm.com\/?s={search_term_string}\"},\"query-input\":{\"@type\":\"PropertyValueSpecification\",\"valueRequired\":true,\"valueName\":\"search_term_string\"}}],\"inLanguage\":\"en-US\"}]}<\/script>\n<!-- \/ Yoast SEO plugin. -->","yoast_head_json":{"title":"Wholesalers - Login - Secuderm","robots":{"index":"index","follow":"follow","max-snippet":"max-snippet:-1","max-image-preview":"max-image-preview:large","max-video-preview":"max-video-preview:-1"},"canonical":"https:\/\/secuderm.com\/en\/reseller-account\/wholesaler-login\/","og_locale":"en_US","og_type":"article","og_title":"Wholesalers - Login - Secuderm","og_url":"https:\/\/secuderm.com\/en\/reseller-account\/wholesaler-login\/","og_site_name":"Secuderm","article_publisher":"https:\/\/www.facebook.com\/Secuderm-183514858354755\/","article_modified_time":"2017-05-23T17:41:03+00:00","twitter_card":"summary_large_image","twitter_misc":{"Est. reading time":"5 minutes"},"schema":{"@context":"https:\/\/schema.org","@graph":[{"@type":"WebPage","@id":"https:\/\/secuderm.com\/en\/reseller-account\/wholesaler-login\/","url":"https:\/\/secuderm.com\/en\/reseller-account\/wholesaler-login\/","name":"Wholesalers - Login - Secuderm","isPartOf":{"@id":"https:\/\/secuderm.com\/#website"},"datePublished":"2017-05-22T22:44:30+00:00","dateModified":"2017-05-23T17:41:03+00:00","breadcrumb":{"@id":"https:\/\/secuderm.com\/en\/reseller-account\/wholesaler-login\/#breadcrumb"},"inLanguage":"en-US","potentialAction":[{"@type":"ReadAction","target":["https:\/\/secuderm.com\/en\/reseller-account\/wholesaler-login\/"]}]},{"@type":"BreadcrumbList","@id":"https:\/\/secuderm.com\/en\/reseller-account\/wholesaler-login\/#breadcrumb","itemListElement":[{"@type":"ListItem","position":1,"name":"Home","item":"https:\/\/secuderm.com\/en\/"},{"@type":"ListItem","position":2,"name":"Wholesalers \/ Resellers","item":"https:\/\/secuderm.com\/en\/reseller-account\/"},{"@type":"ListItem","position":3,"name":"Wholesalers &#8211; Login"}]},{"@type":"WebSite","@id":"https:\/\/secuderm.com\/#website","url":"https:\/\/secuderm.com\/","name":"Secuderm","description":"Votre protection 100% \u00e9tanche!","potentialAction":[{"@type":"SearchAction","target":{"@type":"EntryPoint","urlTemplate":"https:\/\/secuderm.com\/?s={search_term_string}"},"query-input":{"@type":"PropertyValueSpecification","valueRequired":true,"valueName":"search_term_string"}}],"inLanguage":"en-US"}]}},"_links":{"self":[{"href":"https:\/\/secuderm.com\/en\/wp-json\/wp\/v2\/pages\/4014","targetHints":{"allow":["GET"]}}],"collection":[{"href":"https:\/\/secuderm.com\/en\/wp-json\/wp\/v2\/pages"}],"about":[{"href":"https:\/\/secuderm.com\/en\/wp-json\/wp\/v2\/types\/page"}],"author":[{"embeddable":true,"href":"https:\/\/secuderm.com\/en\/wp-json\/wp\/v2\/users\/1"}],"replies":[{"embeddable":true,"href":"https:\/\/secuderm.com\/en\/wp-json\/wp\/v2\/comments?post=4014"}],"version-history":[{"count":3,"href":"https:\/\/secuderm.com\/en\/wp-json\/wp\/v2\/pages\/4014\/revisions"}],"predecessor-version":[{"id":4047,"href":"https:\/\/secuderm.com\/en\/wp-json\/wp\/v2\/pages\/4014\/revisions\/4047"}],"up":[{"embeddable":true,"href":"https:\/\/secuderm.com\/en\/wp-json\/wp\/v2\/pages\/3815"}],"wp:attachment":[{"href":"https:\/\/secuderm.com\/en\/wp-json\/wp\/v2\/media?parent=4014"}],"curies":[{"name":"wp","href":"https:\/\/api.w.org\/{rel}","templated":true}]}}